{"id":116542,"date":"2023-05-18T09:20:59","date_gmt":"2023-05-18T08:20:59","guid":{"rendered":"https:\/\/www.islabonitatours.com\/?post_type=product&#038;p=116542"},"modified":"2026-04-30T22:38:49","modified_gmt":"2026-04-30T21:38:49","slug":"busausfluege-poris-candelaria","status":"publish","type":"product","link":"https:\/\/www.islabonitatours.com\/de\/ruta\/ausfluege-im-bus\/busausfluege-poris-candelaria\/","title":{"rendered":"Busausfl\u00fcge nach Por\u00eds de Candelaria"},"content":{"rendered":"\t\t<div data-elementor-type=\"product-post\" data-elementor-id=\"116542\" class=\"elementor elementor-116542 elementor-116541\" data-elementor-post-type=\"product\">\n\t\t\t\t\t\t<section class=\"has_ae_slider elementor-section elementor-top-section elementor-element elementor-element-53ed7054 elementor-section-boxed elementor-section-height-default elementor-section-height-default ae-bg-gallery-type-default\" data-id=\"53ed7054\" data-element_type=\"section\" data-e-type=\"section\">\n\t\t\t\t\t\t<div class=\"elementor-container elementor-column-gap-default\">\n\t\t\t\t\t<div class=\"has_ae_slider elementor-column elementor-col-100 elementor-top-column elementor-element elementor-element-2964d1b0 ae-bg-gallery-type-default\" data-id=\"2964d1b0\" data-element_type=\"column\" data-e-type=\"column\">\n\t\t\t<div class=\"elementor-widget-wrap elementor-element-populated\">\n\t\t\t\t\t\t<div class=\"elementor-element elementor-element-13741b48 elementor-widget elementor-widget-text-editor\" data-id=\"13741b48\" data-element_type=\"widget\" data-e-type=\"widget\" data-widget_type=\"text-editor.default\">\n\t\t\t\t<div class=\"elementor-widget-container\">\n\t\t\t\t\t\t\t\t\t<h2>Eine Tagestour nach Poris de Candelaria, einem gro\u00dfen Schatz an der Westk\u00fcste, sollte die beste Bustour w\u00e4hrend Ihres Urlaubs auf La Palma sein.<\/h2><p>Tijarafe, im Nordwesten von La Palma gelegen, zwischen Pinien, Mandelb\u00e4umen und vielen Bananenpflanzen, ist daf\u00fcr verantwortlich, das Geheimnis von Por\u00eds de Candelaria zu bewahren. Durch diese Gegend zu reisen bedeutet, eine unerwartete Reise mit einer Reihe nat\u00fcrlicher Balkone mit Blick auf das tiefe Blau des Atlantischen Ozeans zu beginnen.<br \/>Am Morgen beginnen wir unsere Tour in der Gegend von Santa Cruz und Los Cancajos, um schnell nach Westen durch die Carretera La Cumbre und durch einige Tunnel zu fahren. Schlie\u00dflich kommen wir in El Paso an und von dort hinunter nach Los Llanos, um das letzte St\u00fcck hinunter zur Schlucht Las Angustias zu nehmen.\u00a0<\/p><p>Nur noch ein paar Kilometer und wir fahren hinunter zur K\u00fcste, Richtung El Poris de Candelaria. Die Stra\u00dfe ist atemberaubend, aber das Abenteuer lohnt sich.<\/p><p>An diesem traumhaften Ort bewohnt ein Dorf aus wei\u00dfen H\u00e4usern eine nat\u00fcrliche H\u00f6hle mit einer H\u00f6he von mehr als 100 Metern. Im Inneren wird das Baden bei ruhigem Wasser zu einer erfrischenden und abenteuerlichen Option, die T\u00fcren zu Meerestiefen voller Leben \u00f6ffnet.<\/p><p>Um dieses geheime Paradies zu erreichen, muss man nach einem asphaltierten Weg das Auto auf dem Parkplatz stehen lassen und zu Fu\u00df auf einem Weg weitergehen, der zur K\u00fcste hinabf\u00fchrt. In nur zehn Minuten erreichen Sie diesen Ort, eingerahmt von Felsw\u00e4nden, die den Himmel ber\u00fchren, fast 250 Meter hoch.<\/p><p>Wenn Sie die Por\u00eds de Candelaria zum ersten Mal sehen, ist das ein wirklich schockierender Anblick. Als ob Sie tr\u00e4umen w\u00fcrden, sehen Sie kleine wei\u00dfe H\u00e4user, die mit blauen Fenstern und T\u00fcren geschm\u00fcckt sind. Der Geruch von Salz vermischt sich mit dem Rauschen des Ozeans.<\/p><p>Was f\u00fcr ein toller Ort zum Sein!!!<\/p><h3>Nach diesem Besuch fahren wir zur\u00fcck nach El Time und \u00a0machen wir einen wohlverdienten Stop am fantastischen Aussichtspunkt El Time, um Kevins Kaffee zu trinken und einen tollen Blick auf diesen Aussichtspunkt zu werfen, der ohne Zweifel der spektakul\u00e4rste auf dem Aridanetal ist.<\/h3><p>Von hier aus fahren wir zur\u00fcck zu unserem Ausgangspunkt heute Morgen.<\/p>\t\t\t\t\t\t\t\t<\/div>\n\t\t\t\t<\/div>\n\t\t\t\t\t<\/div>\n\t\t<\/div>\n\t\t\t\t\t<\/div>\n\t\t<\/section>\n\t\t\t\t<\/div>\n\t\t","protected":false},"excerpt":{"rendered":"<p><strong>Tagesausflug zu einem der spektakul\u00e4rsten Orte auf La Palma. Poris de Candelaria ist eine vulkanische H\u00f6hle, die nach einem massiven Erdrutsch auf dieser Seite von La Palma entstanden ist. Kommen Sie mit uns und entdecken Sie, was der H\u00f6hepunkt Ihres Urlaubs auf La Palma sein wird.<\/strong><\/p>\n<p><strong>Am Ende haben wir auch Zeit, am Mirador de El Time anzuhalten, einem tollen Aussichtspunkt \u00fcber das Aridane-Tal und den neuen Vulkan Cumbre Vieja \u2013 Tajogaite.\u00a0<\/strong><\/p>\n","protected":false},"featured_media":315307,"comment_status":"open","ping_status":"closed","template":"","meta":{"_acf_changed":false,"_exactmetrics_skip_tracking":false,"_exactmetrics_sitenote_active":false,"_exactmetrics_sitenote_note":"","_exactmetrics_sitenote_category":0,"_joinchat":[]},"product_brand":[],"product_cat":[47],"product_tag":[1611],"class_list":{"0":"post-116542","1":"product","2":"type-product","3":"status-publish","4":"has-post-thumbnail","6":"product_cat-ausfluege-im-bus","7":"product_tag-poris-de","9":"first","10":"instock","11":"sold-individually","12":"shipping-taxable","13":"purchasable","14":"product-type-booking"},"booking_location":"","booking_location_type":"","booking_duration":1,"booking_duration_unit":"day","booking_buffer":0,"booking_cost":0,"booking_resources":[202062,200643,200706,344234],"exclude_global_add_ons":[],"addons":[],"acf":[],"yoast_head":"<!-- This site is optimized with the Yoast SEO Premium plugin v27.5 (Yoast SEO v27.5) - https:\/\/yoast.com\/product\/yoast-seo-premium-wordpress\/ -->\n<title>\u25b7 Busausfl\u00fcge nach POR\u00cdS DE CANDELARIA &#x2b50;&#x2b50;&#x2b50;<\/title>\n<meta name=\"description\" content=\"\u25b7 Tagesausflug zum POR\u00cdS DE CANDELARIA &#x2764;&#xfe0f; La Palma Piratenbucht unterhalb von Tijarafe. Mit kleine gruppen und minibus. Jetzt buchen!\" \/>\n<meta name=\"robots\" content=\"index, follow, max-snippet:-1, max-image-preview:large, max-video-preview:-1\" \/>\n<link rel=\"canonical\" href=\"https:\/\/www.islabonitatours.com\/de\/ruta\/ausfluege-im-bus\/busausfluege-poris-candelaria\/\" \/>\n<meta property=\"og:locale\" content=\"de_DE\" \/>\n<meta property=\"og:type\" content=\"article\" \/>\n<meta property=\"og:title\" content=\"Busausfl\u00fcge nach Por\u00eds de Candelaria\" \/>\n<meta property=\"og:description\" content=\"\u25b7 Tagesausflug zum POR\u00cdS DE CANDELARIA &#x2764;&#xfe0f; La Palma Piratenbucht unterhalb von Tijarafe. Mit kleine gruppen und minibus. Jetzt buchen!\" \/>\n<meta property=\"og:url\" content=\"https:\/\/www.islabonitatours.com\/de\/ruta\/ausfluege-im-bus\/busausfluege-poris-candelaria\/\" \/>\n<meta property=\"og:site_name\" content=\"Isla Bonita Tours\" \/>\n<meta property=\"article:modified_time\" content=\"2026-04-30T21:38:49+00:00\" \/>\n<meta property=\"og:image\" content=\"https:\/\/www.islabonitatours.com\/wp-content\/uploads\/2023\/05\/silueta_la_palma_poris_candelaria.jpeg\" \/>\n\t<meta property=\"og:image:width\" content=\"1024\" \/>\n\t<meta property=\"og:image:height\" content=\"454\" \/>\n\t<meta property=\"og:image:type\" content=\"image\/jpeg\" \/>\n<meta name=\"twitter:card\" content=\"summary_large_image\" \/>\n<meta name=\"twitter:label1\" content=\"Gesch\u00e4tzte Lesezeit\" \/>\n\t<meta name=\"twitter:data1\" content=\"2\u00a0Minuten\" \/>\n<script type=\"application\/ld+json\" class=\"yoast-schema-graph\">{\"@context\":\"https:\\\/\\\/schema.org\",\"@graph\":[{\"@type\":\"WebPage\",\"@id\":\"https:\\\/\\\/www.islabonitatours.com\\\/de\\\/ruta\\\/ausfluege-im-bus\\\/busausfluege-poris-candelaria\\\/\",\"url\":\"https:\\\/\\\/www.islabonitatours.com\\\/de\\\/ruta\\\/ausfluege-im-bus\\\/busausfluege-poris-candelaria\\\/\",\"name\":\"\u25b7 Busausfl\u00fcge nach POR\u00cdS DE CANDELARIA &#x2b50;&#x2b50;&#x2b50;\",\"isPartOf\":{\"@id\":\"https:\\\/\\\/www.islabonitatours.com\\\/de\\\/#website\"},\"primaryImageOfPage\":{\"@id\":\"https:\\\/\\\/www.islabonitatours.com\\\/de\\\/ruta\\\/ausfluege-im-bus\\\/busausfluege-poris-candelaria\\\/#primaryimage\"},\"image\":{\"@id\":\"https:\\\/\\\/www.islabonitatours.com\\\/de\\\/ruta\\\/ausfluege-im-bus\\\/busausfluege-poris-candelaria\\\/#primaryimage\"},\"thumbnailUrl\":\"https:\\\/\\\/www.islabonitatours.com\\\/wp-content\\\/uploads\\\/2023\\\/05\\\/silueta_la_palma_poris_candelaria.jpeg\",\"datePublished\":\"2023-05-18T08:20:59+00:00\",\"dateModified\":\"2026-04-30T21:38:49+00:00\",\"description\":\"\u25b7 Tagesausflug zum POR\u00cdS DE CANDELARIA &#x2764;&#xfe0f; La Palma Piratenbucht unterhalb von Tijarafe. Mit kleine gruppen und minibus. Jetzt buchen!\",\"breadcrumb\":{\"@id\":\"https:\\\/\\\/www.islabonitatours.com\\\/de\\\/ruta\\\/ausfluege-im-bus\\\/busausfluege-poris-candelaria\\\/#breadcrumb\"},\"inLanguage\":\"de\",\"potentialAction\":[{\"@type\":\"ReadAction\",\"target\":[\"https:\\\/\\\/www.islabonitatours.com\\\/de\\\/ruta\\\/ausfluege-im-bus\\\/busausfluege-poris-candelaria\\\/\"]}]},{\"@type\":\"ImageObject\",\"inLanguage\":\"de\",\"@id\":\"https:\\\/\\\/www.islabonitatours.com\\\/de\\\/ruta\\\/ausfluege-im-bus\\\/busausfluege-poris-candelaria\\\/#primaryimage\",\"url\":\"https:\\\/\\\/www.islabonitatours.com\\\/wp-content\\\/uploads\\\/2023\\\/05\\\/silueta_la_palma_poris_candelaria.jpeg\",\"contentUrl\":\"https:\\\/\\\/www.islabonitatours.com\\\/wp-content\\\/uploads\\\/2023\\\/05\\\/silueta_la_palma_poris_candelaria.jpeg\",\"width\":1024,\"height\":454,\"caption\":\"Silueta de La Palma dentro del Por\u00eds de Candelaria\"},{\"@type\":\"BreadcrumbList\",\"@id\":\"https:\\\/\\\/www.islabonitatours.com\\\/de\\\/ruta\\\/ausfluege-im-bus\\\/busausfluege-poris-candelaria\\\/#breadcrumb\",\"itemListElement\":[{\"@type\":\"ListItem\",\"position\":1,\"name\":\"Portada\",\"item\":\"https:\\\/\\\/www.islabonitatours.com\\\/de\\\/\"},{\"@type\":\"ListItem\",\"position\":2,\"name\":\"Tienda\",\"item\":\"https:\\\/\\\/www.islabonitatours.com\\\/tienda\\\/\"},{\"@type\":\"ListItem\",\"position\":3,\"name\":\"Busausfl\u00fcge nach Por\u00eds de Candelaria\"}]},{\"@type\":\"WebSite\",\"@id\":\"https:\\\/\\\/www.islabonitatours.com\\\/de\\\/#website\",\"url\":\"https:\\\/\\\/www.islabonitatours.com\\\/de\\\/\",\"name\":\"Isla Bonita Tours\",\"description\":\"Excursiones en La Palma\",\"publisher\":{\"@id\":\"https:\\\/\\\/www.islabonitatours.com\\\/de\\\/#organization\"},\"potentialAction\":[{\"@type\":\"SearchAction\",\"target\":{\"@type\":\"EntryPoint\",\"urlTemplate\":\"https:\\\/\\\/www.islabonitatours.com\\\/de\\\/?s={search_term_string}\"},\"query-input\":{\"@type\":\"PropertyValueSpecification\",\"valueRequired\":true,\"valueName\":\"search_term_string\"}}],\"inLanguage\":\"de\"},{\"@type\":\"Organization\",\"@id\":\"https:\\\/\\\/www.islabonitatours.com\\\/de\\\/#organization\",\"name\":\"Isla Bonita Tours\",\"url\":\"https:\\\/\\\/www.islabonitatours.com\\\/de\\\/\",\"logo\":{\"@type\":\"ImageObject\",\"inLanguage\":\"de\",\"@id\":\"https:\\\/\\\/www.islabonitatours.com\\\/de\\\/#\\\/schema\\\/logo\\\/image\\\/\",\"url\":\"https:\\\/\\\/www.islabonitatours.com\\\/wp-content\\\/uploads\\\/2019\\\/05\\\/logo_ibt@4x.png\",\"contentUrl\":\"https:\\\/\\\/www.islabonitatours.com\\\/wp-content\\\/uploads\\\/2019\\\/05\\\/logo_ibt@4x.png\",\"width\":753,\"height\":473,\"caption\":\"Isla Bonita Tours\"},\"image\":{\"@id\":\"https:\\\/\\\/www.islabonitatours.com\\\/de\\\/#\\\/schema\\\/logo\\\/image\\\/\"}}]}<\/script>\n<!-- \/ Yoast SEO Premium plugin. -->","yoast_head_json":{"title":"\u25b7 Busausfl\u00fcge nach POR\u00cdS DE CANDELARIA &#x2b50;&#x2b50;&#x2b50;","description":"\u25b7 Tagesausflug zum POR\u00cdS DE CANDELARIA &#x2764;&#xfe0f; La Palma Piratenbucht unterhalb von Tijarafe. Mit kleine gruppen und minibus. Jetzt buchen!","robots":{"index":"index","follow":"follow","max-snippet":"max-snippet:-1","max-image-preview":"max-image-preview:large","max-video-preview":"max-video-preview:-1"},"canonical":"https:\/\/www.islabonitatours.com\/de\/ruta\/ausfluege-im-bus\/busausfluege-poris-candelaria\/","og_locale":"de_DE","og_type":"article","og_title":"Busausfl\u00fcge nach Por\u00eds de Candelaria","og_description":"\u25b7 Tagesausflug zum POR\u00cdS DE CANDELARIA &#x2764;&#xfe0f; La Palma Piratenbucht unterhalb von Tijarafe. Mit kleine gruppen und minibus. Jetzt buchen!","og_url":"https:\/\/www.islabonitatours.com\/de\/ruta\/ausfluege-im-bus\/busausfluege-poris-candelaria\/","og_site_name":"Isla Bonita Tours","article_modified_time":"2026-04-30T21:38:49+00:00","og_image":[{"width":1024,"height":454,"url":"https:\/\/www.islabonitatours.com\/wp-content\/uploads\/2023\/05\/silueta_la_palma_poris_candelaria.jpeg","type":"image\/jpeg"}],"twitter_card":"summary_large_image","twitter_misc":{"Gesch\u00e4tzte Lesezeit":"2\u00a0Minuten"},"schema":{"@context":"https:\/\/schema.org","@graph":[{"@type":"WebPage","@id":"https:\/\/www.islabonitatours.com\/de\/ruta\/ausfluege-im-bus\/busausfluege-poris-candelaria\/","url":"https:\/\/www.islabonitatours.com\/de\/ruta\/ausfluege-im-bus\/busausfluege-poris-candelaria\/","name":"\u25b7 Busausfl\u00fcge nach POR\u00cdS DE CANDELARIA &#x2b50;&#x2b50;&#x2b50;","isPartOf":{"@id":"https:\/\/www.islabonitatours.com\/de\/#website"},"primaryImageOfPage":{"@id":"https:\/\/www.islabonitatours.com\/de\/ruta\/ausfluege-im-bus\/busausfluege-poris-candelaria\/#primaryimage"},"image":{"@id":"https:\/\/www.islabonitatours.com\/de\/ruta\/ausfluege-im-bus\/busausfluege-poris-candelaria\/#primaryimage"},"thumbnailUrl":"https:\/\/www.islabonitatours.com\/wp-content\/uploads\/2023\/05\/silueta_la_palma_poris_candelaria.jpeg","datePublished":"2023-05-18T08:20:59+00:00","dateModified":"2026-04-30T21:38:49+00:00","description":"\u25b7 Tagesausflug zum POR\u00cdS DE CANDELARIA &#x2764;&#xfe0f; La Palma Piratenbucht unterhalb von Tijarafe. Mit kleine gruppen und minibus. Jetzt buchen!","breadcrumb":{"@id":"https:\/\/www.islabonitatours.com\/de\/ruta\/ausfluege-im-bus\/busausfluege-poris-candelaria\/#breadcrumb"},"inLanguage":"de","potentialAction":[{"@type":"ReadAction","target":["https:\/\/www.islabonitatours.com\/de\/ruta\/ausfluege-im-bus\/busausfluege-poris-candelaria\/"]}]},{"@type":"ImageObject","inLanguage":"de","@id":"https:\/\/www.islabonitatours.com\/de\/ruta\/ausfluege-im-bus\/busausfluege-poris-candelaria\/#primaryimage","url":"https:\/\/www.islabonitatours.com\/wp-content\/uploads\/2023\/05\/silueta_la_palma_poris_candelaria.jpeg","contentUrl":"https:\/\/www.islabonitatours.com\/wp-content\/uploads\/2023\/05\/silueta_la_palma_poris_candelaria.jpeg","width":1024,"height":454,"caption":"Silueta de La Palma dentro del Por\u00eds de Candelaria"},{"@type":"BreadcrumbList","@id":"https:\/\/www.islabonitatours.com\/de\/ruta\/ausfluege-im-bus\/busausfluege-poris-candelaria\/#breadcrumb","itemListElement":[{"@type":"ListItem","position":1,"name":"Portada","item":"https:\/\/www.islabonitatours.com\/de\/"},{"@type":"ListItem","position":2,"name":"Tienda","item":"https:\/\/www.islabonitatours.com\/tienda\/"},{"@type":"ListItem","position":3,"name":"Busausfl\u00fcge nach Por\u00eds de Candelaria"}]},{"@type":"WebSite","@id":"https:\/\/www.islabonitatours.com\/de\/#website","url":"https:\/\/www.islabonitatours.com\/de\/","name":"Isla Bonita Tours","description":"Excursiones en La Palma","publisher":{"@id":"https:\/\/www.islabonitatours.com\/de\/#organization"},"potentialAction":[{"@type":"SearchAction","target":{"@type":"EntryPoint","urlTemplate":"https:\/\/www.islabonitatours.com\/de\/?s={search_term_string}"},"query-input":{"@type":"PropertyValueSpecification","valueRequired":true,"valueName":"search_term_string"}}],"inLanguage":"de"},{"@type":"Organization","@id":"https:\/\/www.islabonitatours.com\/de\/#organization","name":"Isla Bonita Tours","url":"https:\/\/www.islabonitatours.com\/de\/","logo":{"@type":"ImageObject","inLanguage":"de","@id":"https:\/\/www.islabonitatours.com\/de\/#\/schema\/logo\/image\/","url":"https:\/\/www.islabonitatours.com\/wp-content\/uploads\/2019\/05\/logo_ibt@4x.png","contentUrl":"https:\/\/www.islabonitatours.com\/wp-content\/uploads\/2019\/05\/logo_ibt@4x.png","width":753,"height":473,"caption":"Isla Bonita Tours"},"image":{"@id":"https:\/\/www.islabonitatours.com\/de\/#\/schema\/logo\/image\/"}}]}},"_links":{"self":[{"href":"https:\/\/www.islabonitatours.com\/de\/wp-json\/wp\/v2\/product\/116542","targetHints":{"allow":["GET"]}}],"collection":[{"href":"https:\/\/www.islabonitatours.com\/de\/wp-json\/wp\/v2\/product"}],"about":[{"href":"https:\/\/www.islabonitatours.com\/de\/wp-json\/wp\/v2\/types\/product"}],"replies":[{"embeddable":true,"href":"https:\/\/www.islabonitatours.com\/de\/wp-json\/wp\/v2\/comments?post=116542"}],"version-history":[{"count":1,"href":"https:\/\/www.islabonitatours.com\/de\/wp-json\/wp\/v2\/product\/116542\/revisions"}],"predecessor-version":[{"id":344233,"href":"https:\/\/www.islabonitatours.com\/de\/wp-json\/wp\/v2\/product\/116542\/revisions\/344233"}],"wp:featuredmedia":[{"embeddable":true,"href":"https:\/\/www.islabonitatours.com\/de\/wp-json\/wp\/v2\/media\/315307"}],"wp:attachment":[{"href":"https:\/\/www.islabonitatours.com\/de\/wp-json\/wp\/v2\/media?parent=116542"}],"wp:term":[{"taxonomy":"product_brand","embeddable":true,"href":"https:\/\/www.islabonitatours.com\/de\/wp-json\/wp\/v2\/product_brand?post=116542"},{"taxonomy":"product_cat","embeddable":true,"href":"https:\/\/www.islabonitatours.com\/de\/wp-json\/wp\/v2\/product_cat?post=116542"},{"taxonomy":"product_tag","embeddable":true,"href":"https:\/\/www.islabonitatours.com\/de\/wp-json\/wp\/v2\/product_tag?post=116542"}],"curies":[{"name":"wp","href":"https:\/\/api.w.org\/{rel}","templated":true}]}}