{"id":157950,"date":"2022-07-17T12:37:59","date_gmt":"2022-08-17T07:12:18","guid":{"rendered":"https:\/\/www.islabonitatours.com\/?post_type=product&#038;p=157950"},"modified":"2022-10-22T16:36:22","modified_gmt":"2022-10-22T15:36:22","slug":"wanderung-zum-krater-der-cumbre-vieja","status":"publish","type":"product","link":"https:\/\/www.islabonitatours.com\/de\/ruta\/sin-categorizar\/wanderung-zum-krater-der-cumbre-vieja\/","title":{"rendered":"WANDERUNG ZUM KRATER Cumbre Vieja"},"content":{"rendered":"<h2>Besuchen Sie mir unserer Gruppe von Isla Bonita Tours den Krater der Cumbre Vieja. Kleiner Wanderweg von insgesamt 5,2 km.<\/h2>\n<p>Wichtig: Die Strecke zum Krater ist 5,2 km lang ( Hinweg hinunter und R\u00fcckweg hinauf ) und der H\u00f6henunterschied betr\u00e4gt 183 Meter. Stellen Sie sicher, dass Sie diese Entfernung und den H\u00f6henunterschied gewohnt sind. Die Sommerhitze kann diesen Weg schwieriger machen, als es zun\u00e4chst den Anschein hat. Wir empfehlen 1 Liter Wasser pro Person und geschlossene Schuhe mit Socken mitzunehmen.<\/p>\n<h3>Wenn Sir hingegen mehr \u00fcber die Cumbre Vieja oder Tajogaite Vulkan erfahren m\u00f6chten, <a href=\"https:\/\/www.islabonitatours.com\/de\/ruta\/ausfluege-im-bus\/besuchen-sie-zum-ersten-mal-den-krater-der-cumbre-vieja\/\">besuchen Sie diese andere Seite<\/a>.<\/h3>\n<p>&nbsp;<\/p>\n","protected":false},"excerpt":{"rendered":"<p>Einer kleinen Wanderung \u00a0von nur 5,2 km Hin- und R\u00fcck in die N\u00e4he des Cumbre Vieja-Kraters. Die beste Aussicht und ohne Zweifel ein privilegierter Ort, um unseren Ausflug zu beenden.<\/p>\n","protected":false},"featured_media":146458,"comment_status":"open","ping_status":"closed","template":"","meta":{"_acf_changed":false,"_exactmetrics_skip_tracking":false,"_exactmetrics_sitenote_active":false,"_exactmetrics_sitenote_note":"","_exactmetrics_sitenote_category":0,"_joinchat":[]},"product_brand":[],"product_cat":[19],"product_tag":[],"class_list":{"0":"post-157950","1":"product","2":"type-product","3":"status-publish","4":"has-post-thumbnail","6":"product_cat-sin-categorizar","8":"first","9":"instock","10":"sold-individually","11":"shipping-taxable","12":"purchasable","13":"product-type-booking"},"booking_location":"","booking_location_type":"","booking_duration":1,"booking_duration_unit":"day","booking_buffer":0,"booking_cost":0,"booking_resources":[202062,200643,200706],"exclude_global_add_ons":[],"addons":[],"acf":[],"yoast_head":"<!-- This site is optimized with the Yoast SEO Premium plugin v27.5 (Yoast SEO v27.5) - https:\/\/yoast.com\/product\/yoast-seo-premium-wordpress\/ -->\n<title>\u25b7 WANDERUNG ZUM KRATER Cumbre Vieja | Isla Bonita Tours<\/title>\n<meta name=\"description\" content=\"\u25b7 WANDERUNG ZUM KRATER Cumbre Vieja auf La Palma mit Isla Bonita Tours \u25b7 Entdecke den neuen Vulkan in kleinen gruppen mit guide \u25b7 Jetzt Buchen !!!\" \/>\n<meta name=\"robots\" content=\"index, follow, max-snippet:-1, max-image-preview:large, max-video-preview:-1\" \/>\n<link rel=\"canonical\" href=\"https:\/\/www.islabonitatours.com\/de\/ruta\/sin-categorizar\/wanderung-zum-krater-der-cumbre-vieja\/\" \/>\n<meta property=\"og:locale\" content=\"de_DE\" \/>\n<meta property=\"og:type\" content=\"article\" \/>\n<meta property=\"og:title\" content=\"WANDERUNG ZUM KRATER Cumbre Vieja\" \/>\n<meta property=\"og:description\" content=\"\u25b7 WANDERUNG ZUM KRATER Cumbre Vieja auf La Palma mit Isla Bonita Tours \u25b7 Entdecke den neuen Vulkan in kleinen gruppen mit guide \u25b7 Jetzt Buchen !!!\" \/>\n<meta property=\"og:url\" content=\"https:\/\/www.islabonitatours.com\/de\/ruta\/sin-categorizar\/wanderung-zum-krater-der-cumbre-vieja\/\" \/>\n<meta property=\"og:site_name\" content=\"Isla Bonita Tours\" \/>\n<meta property=\"article:modified_time\" content=\"2022-10-22T15:36:22+00:00\" \/>\n<meta property=\"og:image\" content=\"https:\/\/www.islabonitatours.com\/wp-content\/uploads\/2022\/07\/cumbre_vieja_tajogaite_caminata_isla_bonita_tours.jpg\" \/>\n\t<meta property=\"og:image:width\" content=\"959\" \/>\n\t<meta property=\"og:image:height\" content=\"640\" \/>\n\t<meta property=\"og:image:type\" content=\"image\/jpeg\" \/>\n<meta name=\"twitter:card\" content=\"summary_large_image\" \/>\n<meta name=\"twitter:label1\" content=\"Gesch\u00e4tzte Lesezeit\" \/>\n\t<meta name=\"twitter:data1\" content=\"1\u00a0Minute\" \/>\n<script type=\"application\/ld+json\" class=\"yoast-schema-graph\">{\"@context\":\"https:\\\/\\\/schema.org\",\"@graph\":[{\"@type\":\"WebPage\",\"@id\":\"https:\\\/\\\/www.islabonitatours.com\\\/de\\\/ruta\\\/sin-categorizar\\\/wanderung-zum-krater-der-cumbre-vieja\\\/\",\"url\":\"https:\\\/\\\/www.islabonitatours.com\\\/de\\\/ruta\\\/sin-categorizar\\\/wanderung-zum-krater-der-cumbre-vieja\\\/\",\"name\":\"\u25b7 WANDERUNG ZUM KRATER Cumbre Vieja | Isla Bonita Tours\",\"isPartOf\":{\"@id\":\"https:\\\/\\\/www.islabonitatours.com\\\/de\\\/#website\"},\"primaryImageOfPage\":{\"@id\":\"https:\\\/\\\/www.islabonitatours.com\\\/de\\\/ruta\\\/sin-categorizar\\\/wanderung-zum-krater-der-cumbre-vieja\\\/#primaryimage\"},\"image\":{\"@id\":\"https:\\\/\\\/www.islabonitatours.com\\\/de\\\/ruta\\\/sin-categorizar\\\/wanderung-zum-krater-der-cumbre-vieja\\\/#primaryimage\"},\"thumbnailUrl\":\"https:\\\/\\\/www.islabonitatours.com\\\/wp-content\\\/uploads\\\/2022\\\/07\\\/cumbre_vieja_tajogaite_caminata_isla_bonita_tours.jpg\",\"datePublished\":\"2022-08-17T07:12:18+00:00\",\"dateModified\":\"2022-10-22T15:36:22+00:00\",\"description\":\"\u25b7 WANDERUNG ZUM KRATER Cumbre Vieja auf La Palma mit Isla Bonita Tours \u25b7 Entdecke den neuen Vulkan in kleinen gruppen mit guide \u25b7 Jetzt Buchen !!!\",\"breadcrumb\":{\"@id\":\"https:\\\/\\\/www.islabonitatours.com\\\/de\\\/ruta\\\/sin-categorizar\\\/wanderung-zum-krater-der-cumbre-vieja\\\/#breadcrumb\"},\"inLanguage\":\"de\",\"potentialAction\":[{\"@type\":\"ReadAction\",\"target\":[\"https:\\\/\\\/www.islabonitatours.com\\\/de\\\/ruta\\\/sin-categorizar\\\/wanderung-zum-krater-der-cumbre-vieja\\\/\"]}]},{\"@type\":\"ImageObject\",\"inLanguage\":\"de\",\"@id\":\"https:\\\/\\\/www.islabonitatours.com\\\/de\\\/ruta\\\/sin-categorizar\\\/wanderung-zum-krater-der-cumbre-vieja\\\/#primaryimage\",\"url\":\"https:\\\/\\\/www.islabonitatours.com\\\/wp-content\\\/uploads\\\/2022\\\/07\\\/cumbre_vieja_tajogaite_caminata_isla_bonita_tours.jpg\",\"contentUrl\":\"https:\\\/\\\/www.islabonitatours.com\\\/wp-content\\\/uploads\\\/2022\\\/07\\\/cumbre_vieja_tajogaite_caminata_isla_bonita_tours.jpg\",\"width\":959,\"height\":640,\"caption\":\"volc\u00e1n cumbre vieja - tajogaite\"},{\"@type\":\"BreadcrumbList\",\"@id\":\"https:\\\/\\\/www.islabonitatours.com\\\/de\\\/ruta\\\/sin-categorizar\\\/wanderung-zum-krater-der-cumbre-vieja\\\/#breadcrumb\",\"itemListElement\":[{\"@type\":\"ListItem\",\"position\":1,\"name\":\"Portada\",\"item\":\"https:\\\/\\\/www.islabonitatours.com\\\/de\\\/\"},{\"@type\":\"ListItem\",\"position\":2,\"name\":\"Tienda\",\"item\":\"https:\\\/\\\/www.islabonitatours.com\\\/tienda\\\/\"},{\"@type\":\"ListItem\",\"position\":3,\"name\":\"WANDERUNG ZUM KRATER Cumbre Vieja\"}]},{\"@type\":\"WebSite\",\"@id\":\"https:\\\/\\\/www.islabonitatours.com\\\/de\\\/#website\",\"url\":\"https:\\\/\\\/www.islabonitatours.com\\\/de\\\/\",\"name\":\"Isla Bonita Tours\",\"description\":\"Excursiones en La Palma\",\"publisher\":{\"@id\":\"https:\\\/\\\/www.islabonitatours.com\\\/de\\\/#organization\"},\"potentialAction\":[{\"@type\":\"SearchAction\",\"target\":{\"@type\":\"EntryPoint\",\"urlTemplate\":\"https:\\\/\\\/www.islabonitatours.com\\\/de\\\/?s={search_term_string}\"},\"query-input\":{\"@type\":\"PropertyValueSpecification\",\"valueRequired\":true,\"valueName\":\"search_term_string\"}}],\"inLanguage\":\"de\"},{\"@type\":\"Organization\",\"@id\":\"https:\\\/\\\/www.islabonitatours.com\\\/de\\\/#organization\",\"name\":\"Isla Bonita Tours\",\"url\":\"https:\\\/\\\/www.islabonitatours.com\\\/de\\\/\",\"logo\":{\"@type\":\"ImageObject\",\"inLanguage\":\"de\",\"@id\":\"https:\\\/\\\/www.islabonitatours.com\\\/de\\\/#\\\/schema\\\/logo\\\/image\\\/\",\"url\":\"https:\\\/\\\/www.islabonitatours.com\\\/wp-content\\\/uploads\\\/2019\\\/05\\\/logo_ibt@4x.png\",\"contentUrl\":\"https:\\\/\\\/www.islabonitatours.com\\\/wp-content\\\/uploads\\\/2019\\\/05\\\/logo_ibt@4x.png\",\"width\":753,\"height\":473,\"caption\":\"Isla Bonita Tours\"},\"image\":{\"@id\":\"https:\\\/\\\/www.islabonitatours.com\\\/de\\\/#\\\/schema\\\/logo\\\/image\\\/\"}}]}<\/script>\n<!-- \/ Yoast SEO Premium plugin. -->","yoast_head_json":{"title":"\u25b7 WANDERUNG ZUM KRATER Cumbre Vieja | Isla Bonita Tours","description":"\u25b7 WANDERUNG ZUM KRATER Cumbre Vieja auf La Palma mit Isla Bonita Tours \u25b7 Entdecke den neuen Vulkan in kleinen gruppen mit guide \u25b7 Jetzt Buchen !!!","robots":{"index":"index","follow":"follow","max-snippet":"max-snippet:-1","max-image-preview":"max-image-preview:large","max-video-preview":"max-video-preview:-1"},"canonical":"https:\/\/www.islabonitatours.com\/de\/ruta\/sin-categorizar\/wanderung-zum-krater-der-cumbre-vieja\/","og_locale":"de_DE","og_type":"article","og_title":"WANDERUNG ZUM KRATER Cumbre Vieja","og_description":"\u25b7 WANDERUNG ZUM KRATER Cumbre Vieja auf La Palma mit Isla Bonita Tours \u25b7 Entdecke den neuen Vulkan in kleinen gruppen mit guide \u25b7 Jetzt Buchen !!!","og_url":"https:\/\/www.islabonitatours.com\/de\/ruta\/sin-categorizar\/wanderung-zum-krater-der-cumbre-vieja\/","og_site_name":"Isla Bonita Tours","article_modified_time":"2022-10-22T15:36:22+00:00","og_image":[{"width":959,"height":640,"url":"https:\/\/www.islabonitatours.com\/wp-content\/uploads\/2022\/07\/cumbre_vieja_tajogaite_caminata_isla_bonita_tours.jpg","type":"image\/jpeg"}],"twitter_card":"summary_large_image","twitter_misc":{"Gesch\u00e4tzte Lesezeit":"1\u00a0Minute"},"schema":{"@context":"https:\/\/schema.org","@graph":[{"@type":"WebPage","@id":"https:\/\/www.islabonitatours.com\/de\/ruta\/sin-categorizar\/wanderung-zum-krater-der-cumbre-vieja\/","url":"https:\/\/www.islabonitatours.com\/de\/ruta\/sin-categorizar\/wanderung-zum-krater-der-cumbre-vieja\/","name":"\u25b7 WANDERUNG ZUM KRATER Cumbre Vieja | Isla Bonita Tours","isPartOf":{"@id":"https:\/\/www.islabonitatours.com\/de\/#website"},"primaryImageOfPage":{"@id":"https:\/\/www.islabonitatours.com\/de\/ruta\/sin-categorizar\/wanderung-zum-krater-der-cumbre-vieja\/#primaryimage"},"image":{"@id":"https:\/\/www.islabonitatours.com\/de\/ruta\/sin-categorizar\/wanderung-zum-krater-der-cumbre-vieja\/#primaryimage"},"thumbnailUrl":"https:\/\/www.islabonitatours.com\/wp-content\/uploads\/2022\/07\/cumbre_vieja_tajogaite_caminata_isla_bonita_tours.jpg","datePublished":"2022-08-17T07:12:18+00:00","dateModified":"2022-10-22T15:36:22+00:00","description":"\u25b7 WANDERUNG ZUM KRATER Cumbre Vieja auf La Palma mit Isla Bonita Tours \u25b7 Entdecke den neuen Vulkan in kleinen gruppen mit guide \u25b7 Jetzt Buchen !!!","breadcrumb":{"@id":"https:\/\/www.islabonitatours.com\/de\/ruta\/sin-categorizar\/wanderung-zum-krater-der-cumbre-vieja\/#breadcrumb"},"inLanguage":"de","potentialAction":[{"@type":"ReadAction","target":["https:\/\/www.islabonitatours.com\/de\/ruta\/sin-categorizar\/wanderung-zum-krater-der-cumbre-vieja\/"]}]},{"@type":"ImageObject","inLanguage":"de","@id":"https:\/\/www.islabonitatours.com\/de\/ruta\/sin-categorizar\/wanderung-zum-krater-der-cumbre-vieja\/#primaryimage","url":"https:\/\/www.islabonitatours.com\/wp-content\/uploads\/2022\/07\/cumbre_vieja_tajogaite_caminata_isla_bonita_tours.jpg","contentUrl":"https:\/\/www.islabonitatours.com\/wp-content\/uploads\/2022\/07\/cumbre_vieja_tajogaite_caminata_isla_bonita_tours.jpg","width":959,"height":640,"caption":"volc\u00e1n cumbre vieja - tajogaite"},{"@type":"BreadcrumbList","@id":"https:\/\/www.islabonitatours.com\/de\/ruta\/sin-categorizar\/wanderung-zum-krater-der-cumbre-vieja\/#breadcrumb","itemListElement":[{"@type":"ListItem","position":1,"name":"Portada","item":"https:\/\/www.islabonitatours.com\/de\/"},{"@type":"ListItem","position":2,"name":"Tienda","item":"https:\/\/www.islabonitatours.com\/tienda\/"},{"@type":"ListItem","position":3,"name":"WANDERUNG ZUM KRATER Cumbre Vieja"}]},{"@type":"WebSite","@id":"https:\/\/www.islabonitatours.com\/de\/#website","url":"https:\/\/www.islabonitatours.com\/de\/","name":"Isla Bonita Tours","description":"Excursiones en La Palma","publisher":{"@id":"https:\/\/www.islabonitatours.com\/de\/#organization"},"potentialAction":[{"@type":"SearchAction","target":{"@type":"EntryPoint","urlTemplate":"https:\/\/www.islabonitatours.com\/de\/?s={search_term_string}"},"query-input":{"@type":"PropertyValueSpecification","valueRequired":true,"valueName":"search_term_string"}}],"inLanguage":"de"},{"@type":"Organization","@id":"https:\/\/www.islabonitatours.com\/de\/#organization","name":"Isla Bonita Tours","url":"https:\/\/www.islabonitatours.com\/de\/","logo":{"@type":"ImageObject","inLanguage":"de","@id":"https:\/\/www.islabonitatours.com\/de\/#\/schema\/logo\/image\/","url":"https:\/\/www.islabonitatours.com\/wp-content\/uploads\/2019\/05\/logo_ibt@4x.png","contentUrl":"https:\/\/www.islabonitatours.com\/wp-content\/uploads\/2019\/05\/logo_ibt@4x.png","width":753,"height":473,"caption":"Isla Bonita Tours"},"image":{"@id":"https:\/\/www.islabonitatours.com\/de\/#\/schema\/logo\/image\/"}}]}},"_links":{"self":[{"href":"https:\/\/www.islabonitatours.com\/de\/wp-json\/wp\/v2\/product\/157950","targetHints":{"allow":["GET"]}}],"collection":[{"href":"https:\/\/www.islabonitatours.com\/de\/wp-json\/wp\/v2\/product"}],"about":[{"href":"https:\/\/www.islabonitatours.com\/de\/wp-json\/wp\/v2\/types\/product"}],"replies":[{"embeddable":true,"href":"https:\/\/www.islabonitatours.com\/de\/wp-json\/wp\/v2\/comments?post=157950"}],"version-history":[{"count":0,"href":"https:\/\/www.islabonitatours.com\/de\/wp-json\/wp\/v2\/product\/157950\/revisions"}],"wp:featuredmedia":[{"embeddable":true,"href":"https:\/\/www.islabonitatours.com\/de\/wp-json\/wp\/v2\/media\/146458"}],"wp:attachment":[{"href":"https:\/\/www.islabonitatours.com\/de\/wp-json\/wp\/v2\/media?parent=157950"}],"wp:term":[{"taxonomy":"product_brand","embeddable":true,"href":"https:\/\/www.islabonitatours.com\/de\/wp-json\/wp\/v2\/product_brand?post=157950"},{"taxonomy":"product_cat","embeddable":true,"href":"https:\/\/www.islabonitatours.com\/de\/wp-json\/wp\/v2\/product_cat?post=157950"},{"taxonomy":"product_tag","embeddable":true,"href":"https:\/\/www.islabonitatours.com\/de\/wp-json\/wp\/v2\/product_tag?post=157950"}],"curies":[{"name":"wp","href":"https:\/\/api.w.org\/{rel}","templated":true}]}}