{"id":1609,"date":"2019-04-21T18:01:25","date_gmt":"2019-04-30T18:01:25","guid":{"rendered":"https:\/\/www.islabonitatours.com\/ruta\/uncategorized\/piratenhohlen-und-bootstour-nach-tazacorte\/"},"modified":"2020-06-16T15:04:35","modified_gmt":"2020-06-16T14:04:35","slug":"piratenhohlen-und-bootstour-nach-tazacorte","status":"publish","type":"product","link":"https:\/\/www.islabonitatours.com\/de\/ruta\/andere-aktivitaeten-auf-la-palma\/piratenhohlen-und-bootstour-nach-tazacorte\/","title":{"rendered":"Piratenh\u00f6hlen und Boots Tour nach Tazacorte"},"content":{"rendered":"\t\t<div data-elementor-type=\"product-post\" data-elementor-id=\"1609\" class=\"elementor elementor-1609\" data-elementor-post-type=\"product\">\n\t\t\t\t\t\t<section class=\"has_ae_slider elementor-section elementor-top-section elementor-element elementor-element-22ddeb07 elementor-section-boxed elementor-section-height-default elementor-section-height-default ae-bg-gallery-type-default\" data-id=\"22ddeb07\" data-element_type=\"section\" data-e-type=\"section\">\n\t\t\t\t\t\t<div class=\"elementor-container elementor-column-gap-default\">\n\t\t\t\t\t<div class=\"has_ae_slider elementor-column elementor-col-100 elementor-top-column elementor-element elementor-element-3eac516f ae-bg-gallery-type-default\" data-id=\"3eac516f\" data-element_type=\"column\" data-e-type=\"column\">\n\t\t\t<div class=\"elementor-widget-wrap elementor-element-populated\">\n\t\t\t\t\t\t<div class=\"elementor-element elementor-element-82ecbcc elementor-widget elementor-widget-text-editor\" data-id=\"82ecbcc\" data-element_type=\"widget\" data-e-type=\"widget\" data-widget_type=\"text-editor.default\">\n\t\t\t\t<div class=\"elementor-widget-container\">\n\t\t\t\t\t\t\t\t\t<p>Diese neue Tour verbindet zwei der besten Aktivit\u00e4ten der Insel; Wanderung und Bootstour eine super Kombination f\u00fcr einen Abenteuertag auf La Palma.<\/p>\n<p>Die Tour beginnt im Dorf von Tijarafe auf der Nordwestseite, es f\u00fchrt uns der Wanderweg von hier aus an die K\u00fcste des sch\u00f6nen Dorfes. Es geht stetig bergab, der Weg ist einges\u00e4umt\u00a0 mit Pflanzen der K\u00fcstenvegetation, Feigenkakteen und Palmen begleiten uns.<\/p>\n<p>Man sagt auch der trockene Nordwesten und auch Tijarafe \u00a0bekannt \u00a0als eine \u00a0trockene Zone der Insel. Heutzutage sieht man Richtung K\u00fcste auch hier Banananplantagen welche nat\u00fcrlich in der heutigen Zeit ohne Problem mit gen\u00fcgend Wasser versorgt werden k\u00f6nnen. Fr\u00fcher war diese K\u00fcstenzone Anbaugebiet f\u00fcr verschiedene Getreidesorten, Mandelb\u00e4ume und Feigenb\u00e4ume, \u00a0alles z\u00e4hlte unter \u00a0Hauptnahrungsmittel der Einwohner.<\/p>\n\t\t\t\t\t\t\t\t<\/div>\n\t\t\t\t<\/div>\n\t\t\t\t<div class=\"elementor-element elementor-element-8646516 ee-grid-masonry-layout--mixed ee-grid-columns-3 ee-grid-columns-tablet-2 ee-grid-columns-mobile-1 ee-gallery-overflow-tablet--yes ee-gallery-overflow-mobile--yes elementor-widget elementor-widget-gallery-extra\" data-id=\"8646516\" data-element_type=\"widget\" data-e-type=\"widget\" data-settings=\"{&quot;masonry_enable&quot;:&quot;yes&quot;,&quot;columns&quot;:&quot;3&quot;,&quot;columns_tablet&quot;:&quot;2&quot;,&quot;columns_mobile&quot;:&quot;1&quot;}\" data-widget_type=\"gallery-extra.default\">\n\t\t\t\t<div class=\"elementor-widget-container\">\n\t\t\t\t\t<div class=\"ee-gallery-wrapper\">\n\t\t\t<div class=\"ee-gallery ee-grid ee-grid--gallery ee-gallery__gallery\"><div class=\"ee-grid__item ee-grid__item--sizer\"><\/div><div class=\"ee-gallery__item ee-gallery__item--1 ee-grid__item\">\n\t\t\t\t<a class=\"ee-media ee-gallery__media\" data-elementor-open-lightbox=\"yes\" data-elementor-lightbox-slideshow=\"8646516_1609\" data-elementor-lightbox-title=\"TIJ\" data-e-action-hash=\"#elementor-action%3Aaction%3Dlightbox%26settings%3DeyJpZCI6NzQzLCJ1cmwiOiJodHRwczpcL1wvd3d3LmlzbGFib25pdGF0b3Vycy5jb21cL3dwLWNvbnRlbnRcL3VwbG9hZHNcLzIwMTlcLzA1XC9SVVRBLVBJUkFUQVMtMDItZTE1NTgwODgwNzEzNzguanBlZyIsInNsaWRlc2hvdyI6Ijg2NDY1MTZfMTYwOSJ9\" href=\"https:\/\/www.islabonitatours.com\/wp-content\/uploads\/2019\/05\/RUTA-PIRATAS-02-e1558088071378.jpeg\">\n\t\t\t\t\t<div class=\"ee-media__wrapper ee-gallery__media-wrapper\"><div class=\"ee-media__thumbnail ee-gallery__media__thumbnail\">\n\t\t\t<img decoding=\"async\" src=\"https:\/\/www.islabonitatours.com\/wp-content\/uploads\/2019\/05\/RUTA-PIRATAS-02-e1558088071378.jpeg\" title=\"TIJ\" \/>\n\t\t<\/div><div class=\"ee-media__overlay ee-gallery__media__overlay\"><\/div><\/div>\n\t\t\t\t<\/a>\n\t\t\t<\/div><div class=\"ee-gallery__item ee-gallery__item--2 ee-grid__item\">\n\t\t\t\t<a class=\"ee-media ee-gallery__media\" data-elementor-open-lightbox=\"yes\" data-elementor-lightbox-slideshow=\"8646516_1609\" data-elementor-lightbox-title=\"TIJ\" data-e-action-hash=\"#elementor-action%3Aaction%3Dlightbox%26settings%3DeyJpZCI6NzQ0LCJ1cmwiOiJodHRwczpcL1wvd3d3LmlzbGFib25pdGF0b3Vycy5jb21cL3dwLWNvbnRlbnRcL3VwbG9hZHNcLzIwMTlcLzA1XC9SVVRBLVBJUkFUQVMtMDUtZTE1NTgwODgwNDE0MDMuanBlZyIsInNsaWRlc2hvdyI6Ijg2NDY1MTZfMTYwOSJ9\" href=\"https:\/\/www.islabonitatours.com\/wp-content\/uploads\/2019\/05\/RUTA-PIRATAS-05-e1558088041403.jpeg\">\n\t\t\t\t\t<div class=\"ee-media__wrapper ee-gallery__media-wrapper\"><div class=\"ee-media__thumbnail ee-gallery__media__thumbnail\">\n\t\t\t<img decoding=\"async\" src=\"https:\/\/www.islabonitatours.com\/wp-content\/uploads\/2019\/05\/RUTA-PIRATAS-05-e1558088041403.jpeg\" title=\"TIJ\" \/>\n\t\t<\/div><div class=\"ee-media__overlay ee-gallery__media__overlay\"><\/div><\/div>\n\t\t\t\t<\/a>\n\t\t\t<\/div><div class=\"ee-gallery__item ee-gallery__item--3 ee-grid__item\">\n\t\t\t\t<a class=\"ee-media ee-gallery__media\" data-elementor-open-lightbox=\"yes\" data-elementor-lightbox-slideshow=\"8646516_1609\" data-elementor-lightbox-title=\"TIJ\" data-e-action-hash=\"#elementor-action%3Aaction%3Dlightbox%26settings%3DeyJpZCI6NzQ1LCJ1cmwiOiJodHRwczpcL1wvd3d3LmlzbGFib25pdGF0b3Vycy5jb21cL3dwLWNvbnRlbnRcL3VwbG9hZHNcLzIwMTlcLzA1XC9SVVRBLVBJUkFUQVMtMDYtZTE1NTgwODgwNTc1MDguanBlZyIsInNsaWRlc2hvdyI6Ijg2NDY1MTZfMTYwOSJ9\" href=\"https:\/\/www.islabonitatours.com\/wp-content\/uploads\/2019\/05\/RUTA-PIRATAS-06-e1558088057508.jpeg\">\n\t\t\t\t\t<div class=\"ee-media__wrapper ee-gallery__media-wrapper\"><div class=\"ee-media__thumbnail ee-gallery__media__thumbnail\">\n\t\t\t<img decoding=\"async\" src=\"https:\/\/www.islabonitatours.com\/wp-content\/uploads\/2019\/05\/RUTA-PIRATAS-06-e1558088057508.jpeg\" title=\"TIJ\" \/>\n\t\t<\/div><div class=\"ee-media__overlay ee-gallery__media__overlay\"><\/div><\/div>\n\t\t\t\t<\/a>\n\t\t\t<\/div><\/div>\n\t\t<\/div>\t\t\t\t<\/div>\n\t\t\t\t<\/div>\n\t\t\t\t<div class=\"elementor-element elementor-element-3d8cb094 elementor-widget elementor-widget-text-editor\" data-id=\"3d8cb094\" data-element_type=\"widget\" data-e-type=\"widget\" data-widget_type=\"text-editor.default\">\n\t\t\t\t<div class=\"elementor-widget-container\">\n\t\t\t\t\t\t\t\t\t<p>Heute haben wir die Banane an der K\u00fcste und die Weinrebe in Berghanglage . Verteilt sieht man einige Fincas und auch Ferienh\u00e4user, eine sehr beliebte Gegend f\u00fcr viele individual Reisende.<\/p>\n<p>Wir lassen die letzten H\u00e4user hinter uns und man sieht schon hinab auf die beeindruckende Steilk\u00fcste von Tijarafe. Diese Klippen an der K\u00fcste Tijarafes sind sicherlich mehrere hunderte von Metern hoch. Unser Weg f\u00fchrt uns nun im leichten Zickzack diese einzigartige Steilk\u00fcste hinab.<\/p>\n<p>Wir kommen dann schliesslich in der sogenannten PIRATENBUCHT an, eine impossante H\u00f6hle, in der sich eine\u00a0 kleine H\u00e4user und H\u00f6hlenansammlung \u00a0befindet. In den Sommermonaten ein beliebter und lebendiger Ort f\u00fcr die Einheimischen des Dorfes Tijarafe. Hier haben wir nun Zeit uns ein wenig auszuruhen \u00a0unser mitgebrachtes\u00a0 \u00a0Wanderproviant \u00a0zu verspeisen und uns vorzubereiten f\u00fcr den Umschwung von Wanderung \u00a0zur Bootstour.<\/p>\n<p>Es ist notwendig \u00a0Badesachen mitzuf\u00fchren den zum Boot muss man ein kurzes St\u00fcck schwimmen. Auf dem Boot angekommen geht es nun an der Westk\u00fcste entlang in Richtung PUERTO TAZACORTE , hier im Hafen von Tazacorte haben Sie nun so ca. zwei Stunden Aufenthalt, um den Strand zu geniessen oder was zu essen in einem der netten Fischerrestaurantes .<\/p>\n<p>Danach steht der Bus dann wieder bereit um alle G\u00e4ste zur\u00fcck in die jeweiligen Hotels zu bringen.<\/p>\n\t\t\t\t\t\t\t\t<\/div>\n\t\t\t\t<\/div>\n\t\t\t\t\t<\/div>\n\t\t<\/div>\n\t\t\t\t\t<\/div>\n\t\t<\/section>\n\t\t\t\t<\/div>\n\t\t","protected":false},"excerpt":{"rendered":"<p>Im Dorf Tijarafe im Nordwesten del Insel wandern wir auf Serpentinenweg vorbei an Tabaibas und Feigenkakteen durch diese Schlucht hinab bis zur Candelaria H\u00f6hlen, einem gewaltigen Felsvorspung befindet.<\/p>\n<p>Hier packen wir die Wanderstiefel ein und springen wir am meer bis zum boot. Mit dem Boot fahren wir bis zum Hafen von Tazacorte.<\/p>\n","protected":false},"featured_media":3292,"comment_status":"open","ping_status":"closed","template":"","meta":{"_acf_changed":false,"_exactmetrics_skip_tracking":false,"_exactmetrics_sitenote_active":false,"_exactmetrics_sitenote_note":"","_exactmetrics_sitenote_category":0,"_joinchat":[]},"product_brand":[],"product_cat":[52],"product_tag":[],"class_list":{"0":"post-1609","1":"product","2":"type-product","3":"status-publish","4":"has-post-thumbnail","6":"product_cat-andere-aktivitaeten-auf-la-palma","8":"first","9":"instock","10":"sold-individually","11":"shipping-taxable","12":"purchasable","13":"product-type-booking"},"booking_location":"","booking_location_type":"","booking_duration":1,"booking_duration_unit":"day","booking_buffer":0,"booking_cost":0,"booking_resources":[],"exclude_global_add_ons":[],"addons":[],"acf":[],"yoast_head":"<!-- This site is optimized with the Yoast SEO Premium plugin v27.5 (Yoast SEO v27.5) - https:\/\/yoast.com\/product\/yoast-seo-premium-wordpress\/ -->\n<title>Piratenh\u00f6hlen von Tijarafe | Poris Candelaria | Isla Bonita Tours<\/title>\n<meta name=\"description\" content=\"Im Dorf Tijarafe im Nordwesten del Insel wandern wir richtum Candelaria H\u00f6hlen. Hier packen wir die Wanderstiefel ein und springen wir am meer bis zum boot.\" \/>\n<meta name=\"robots\" content=\"index, follow, max-snippet:-1, max-image-preview:large, max-video-preview:-1\" \/>\n<link rel=\"canonical\" href=\"https:\/\/www.islabonitatours.com\/de\/ruta\/andere-aktivitaeten-auf-la-palma\/piratenhohlen-und-bootstour-nach-tazacorte\/\" \/>\n<meta property=\"og:locale\" content=\"de_DE\" \/>\n<meta property=\"og:type\" content=\"article\" \/>\n<meta property=\"og:title\" content=\"Piratenh\u00f6hlen und Boots Tour nach Tazacorte\" \/>\n<meta property=\"og:description\" content=\"Im Dorf Tijarafe im Nordwesten del Insel wandern wir richtum Candelaria H\u00f6hlen. Hier packen wir die Wanderstiefel ein und springen wir am meer bis zum boot.\" \/>\n<meta property=\"og:url\" content=\"https:\/\/www.islabonitatours.com\/de\/ruta\/andere-aktivitaeten-auf-la-palma\/piratenhohlen-und-bootstour-nach-tazacorte\/\" \/>\n<meta property=\"og:site_name\" content=\"Isla Bonita Tours\" \/>\n<meta property=\"article:modified_time\" content=\"2020-06-16T14:04:35+00:00\" \/>\n<meta property=\"og:image\" content=\"https:\/\/www.islabonitatours.com\/wp-content\/uploads\/2019\/04\/image12.jpeg\" \/>\n\t<meta property=\"og:image:width\" content=\"1200\" \/>\n\t<meta property=\"og:image:height\" content=\"1600\" \/>\n\t<meta property=\"og:image:type\" content=\"image\/jpeg\" \/>\n<meta name=\"twitter:card\" content=\"summary_large_image\" \/>\n<meta name=\"twitter:label1\" content=\"Gesch\u00e4tzte Lesezeit\" \/>\n\t<meta name=\"twitter:data1\" content=\"2\u00a0Minuten\" \/>\n<script type=\"application\/ld+json\" class=\"yoast-schema-graph\">{\"@context\":\"https:\\\/\\\/schema.org\",\"@graph\":[{\"@type\":\"WebPage\",\"@id\":\"https:\\\/\\\/www.islabonitatours.com\\\/de\\\/ruta\\\/andere-aktivitaeten-auf-la-palma\\\/piratenhohlen-und-bootstour-nach-tazacorte\\\/\",\"url\":\"https:\\\/\\\/www.islabonitatours.com\\\/de\\\/ruta\\\/andere-aktivitaeten-auf-la-palma\\\/piratenhohlen-und-bootstour-nach-tazacorte\\\/\",\"name\":\"Piratenh\u00f6hlen von Tijarafe | Poris Candelaria | Isla Bonita Tours\",\"isPartOf\":{\"@id\":\"https:\\\/\\\/www.islabonitatours.com\\\/de\\\/#website\"},\"primaryImageOfPage\":{\"@id\":\"https:\\\/\\\/www.islabonitatours.com\\\/de\\\/ruta\\\/andere-aktivitaeten-auf-la-palma\\\/piratenhohlen-und-bootstour-nach-tazacorte\\\/#primaryimage\"},\"image\":{\"@id\":\"https:\\\/\\\/www.islabonitatours.com\\\/de\\\/ruta\\\/andere-aktivitaeten-auf-la-palma\\\/piratenhohlen-und-bootstour-nach-tazacorte\\\/#primaryimage\"},\"thumbnailUrl\":\"https:\\\/\\\/www.islabonitatours.com\\\/wp-content\\\/uploads\\\/2019\\\/04\\\/image12.jpeg\",\"datePublished\":\"2019-04-30T18:01:25+00:00\",\"dateModified\":\"2020-06-16T14:04:35+00:00\",\"description\":\"Im Dorf Tijarafe im Nordwesten del Insel wandern wir richtum Candelaria H\u00f6hlen. Hier packen wir die Wanderstiefel ein und springen wir am meer bis zum boot.\",\"breadcrumb\":{\"@id\":\"https:\\\/\\\/www.islabonitatours.com\\\/de\\\/ruta\\\/andere-aktivitaeten-auf-la-palma\\\/piratenhohlen-und-bootstour-nach-tazacorte\\\/#breadcrumb\"},\"inLanguage\":\"de\",\"potentialAction\":[{\"@type\":\"ReadAction\",\"target\":[\"https:\\\/\\\/www.islabonitatours.com\\\/de\\\/ruta\\\/andere-aktivitaeten-auf-la-palma\\\/piratenhohlen-und-bootstour-nach-tazacorte\\\/\"]}]},{\"@type\":\"ImageObject\",\"inLanguage\":\"de\",\"@id\":\"https:\\\/\\\/www.islabonitatours.com\\\/de\\\/ruta\\\/andere-aktivitaeten-auf-la-palma\\\/piratenhohlen-und-bootstour-nach-tazacorte\\\/#primaryimage\",\"url\":\"https:\\\/\\\/www.islabonitatours.com\\\/wp-content\\\/uploads\\\/2019\\\/04\\\/image12.jpeg\",\"contentUrl\":\"https:\\\/\\\/www.islabonitatours.com\\\/wp-content\\\/uploads\\\/2019\\\/04\\\/image12.jpeg\",\"width\":1200,\"height\":1600},{\"@type\":\"BreadcrumbList\",\"@id\":\"https:\\\/\\\/www.islabonitatours.com\\\/de\\\/ruta\\\/andere-aktivitaeten-auf-la-palma\\\/piratenhohlen-und-bootstour-nach-tazacorte\\\/#breadcrumb\",\"itemListElement\":[{\"@type\":\"ListItem\",\"position\":1,\"name\":\"Portada\",\"item\":\"https:\\\/\\\/www.islabonitatours.com\\\/de\\\/\"},{\"@type\":\"ListItem\",\"position\":2,\"name\":\"Tienda\",\"item\":\"https:\\\/\\\/www.islabonitatours.com\\\/tienda\\\/\"},{\"@type\":\"ListItem\",\"position\":3,\"name\":\"Piratenh\u00f6hlen und Boots Tour nach Tazacorte\"}]},{\"@type\":\"WebSite\",\"@id\":\"https:\\\/\\\/www.islabonitatours.com\\\/de\\\/#website\",\"url\":\"https:\\\/\\\/www.islabonitatours.com\\\/de\\\/\",\"name\":\"Isla Bonita Tours\",\"description\":\"Excursiones en La Palma\",\"publisher\":{\"@id\":\"https:\\\/\\\/www.islabonitatours.com\\\/de\\\/#organization\"},\"potentialAction\":[{\"@type\":\"SearchAction\",\"target\":{\"@type\":\"EntryPoint\",\"urlTemplate\":\"https:\\\/\\\/www.islabonitatours.com\\\/de\\\/?s={search_term_string}\"},\"query-input\":{\"@type\":\"PropertyValueSpecification\",\"valueRequired\":true,\"valueName\":\"search_term_string\"}}],\"inLanguage\":\"de\"},{\"@type\":\"Organization\",\"@id\":\"https:\\\/\\\/www.islabonitatours.com\\\/de\\\/#organization\",\"name\":\"Isla Bonita Tours\",\"url\":\"https:\\\/\\\/www.islabonitatours.com\\\/de\\\/\",\"logo\":{\"@type\":\"ImageObject\",\"inLanguage\":\"de\",\"@id\":\"https:\\\/\\\/www.islabonitatours.com\\\/de\\\/#\\\/schema\\\/logo\\\/image\\\/\",\"url\":\"https:\\\/\\\/www.islabonitatours.com\\\/wp-content\\\/uploads\\\/2019\\\/05\\\/logo_ibt@4x.png\",\"contentUrl\":\"https:\\\/\\\/www.islabonitatours.com\\\/wp-content\\\/uploads\\\/2019\\\/05\\\/logo_ibt@4x.png\",\"width\":753,\"height\":473,\"caption\":\"Isla Bonita Tours\"},\"image\":{\"@id\":\"https:\\\/\\\/www.islabonitatours.com\\\/de\\\/#\\\/schema\\\/logo\\\/image\\\/\"}}]}<\/script>\n<!-- \/ Yoast SEO Premium plugin. -->","yoast_head_json":{"title":"Piratenh\u00f6hlen von Tijarafe | Poris Candelaria | Isla Bonita Tours","description":"Im Dorf Tijarafe im Nordwesten del Insel wandern wir richtum Candelaria H\u00f6hlen. Hier packen wir die Wanderstiefel ein und springen wir am meer bis zum boot.","robots":{"index":"index","follow":"follow","max-snippet":"max-snippet:-1","max-image-preview":"max-image-preview:large","max-video-preview":"max-video-preview:-1"},"canonical":"https:\/\/www.islabonitatours.com\/de\/ruta\/andere-aktivitaeten-auf-la-palma\/piratenhohlen-und-bootstour-nach-tazacorte\/","og_locale":"de_DE","og_type":"article","og_title":"Piratenh\u00f6hlen und Boots Tour nach Tazacorte","og_description":"Im Dorf Tijarafe im Nordwesten del Insel wandern wir richtum Candelaria H\u00f6hlen. Hier packen wir die Wanderstiefel ein und springen wir am meer bis zum boot.","og_url":"https:\/\/www.islabonitatours.com\/de\/ruta\/andere-aktivitaeten-auf-la-palma\/piratenhohlen-und-bootstour-nach-tazacorte\/","og_site_name":"Isla Bonita Tours","article_modified_time":"2020-06-16T14:04:35+00:00","og_image":[{"width":1200,"height":1600,"url":"https:\/\/www.islabonitatours.com\/wp-content\/uploads\/2019\/04\/image12.jpeg","type":"image\/jpeg"}],"twitter_card":"summary_large_image","twitter_misc":{"Gesch\u00e4tzte Lesezeit":"2\u00a0Minuten"},"schema":{"@context":"https:\/\/schema.org","@graph":[{"@type":"WebPage","@id":"https:\/\/www.islabonitatours.com\/de\/ruta\/andere-aktivitaeten-auf-la-palma\/piratenhohlen-und-bootstour-nach-tazacorte\/","url":"https:\/\/www.islabonitatours.com\/de\/ruta\/andere-aktivitaeten-auf-la-palma\/piratenhohlen-und-bootstour-nach-tazacorte\/","name":"Piratenh\u00f6hlen von Tijarafe | Poris Candelaria | Isla Bonita Tours","isPartOf":{"@id":"https:\/\/www.islabonitatours.com\/de\/#website"},"primaryImageOfPage":{"@id":"https:\/\/www.islabonitatours.com\/de\/ruta\/andere-aktivitaeten-auf-la-palma\/piratenhohlen-und-bootstour-nach-tazacorte\/#primaryimage"},"image":{"@id":"https:\/\/www.islabonitatours.com\/de\/ruta\/andere-aktivitaeten-auf-la-palma\/piratenhohlen-und-bootstour-nach-tazacorte\/#primaryimage"},"thumbnailUrl":"https:\/\/www.islabonitatours.com\/wp-content\/uploads\/2019\/04\/image12.jpeg","datePublished":"2019-04-30T18:01:25+00:00","dateModified":"2020-06-16T14:04:35+00:00","description":"Im Dorf Tijarafe im Nordwesten del Insel wandern wir richtum Candelaria H\u00f6hlen. Hier packen wir die Wanderstiefel ein und springen wir am meer bis zum boot.","breadcrumb":{"@id":"https:\/\/www.islabonitatours.com\/de\/ruta\/andere-aktivitaeten-auf-la-palma\/piratenhohlen-und-bootstour-nach-tazacorte\/#breadcrumb"},"inLanguage":"de","potentialAction":[{"@type":"ReadAction","target":["https:\/\/www.islabonitatours.com\/de\/ruta\/andere-aktivitaeten-auf-la-palma\/piratenhohlen-und-bootstour-nach-tazacorte\/"]}]},{"@type":"ImageObject","inLanguage":"de","@id":"https:\/\/www.islabonitatours.com\/de\/ruta\/andere-aktivitaeten-auf-la-palma\/piratenhohlen-und-bootstour-nach-tazacorte\/#primaryimage","url":"https:\/\/www.islabonitatours.com\/wp-content\/uploads\/2019\/04\/image12.jpeg","contentUrl":"https:\/\/www.islabonitatours.com\/wp-content\/uploads\/2019\/04\/image12.jpeg","width":1200,"height":1600},{"@type":"BreadcrumbList","@id":"https:\/\/www.islabonitatours.com\/de\/ruta\/andere-aktivitaeten-auf-la-palma\/piratenhohlen-und-bootstour-nach-tazacorte\/#breadcrumb","itemListElement":[{"@type":"ListItem","position":1,"name":"Portada","item":"https:\/\/www.islabonitatours.com\/de\/"},{"@type":"ListItem","position":2,"name":"Tienda","item":"https:\/\/www.islabonitatours.com\/tienda\/"},{"@type":"ListItem","position":3,"name":"Piratenh\u00f6hlen und Boots Tour nach Tazacorte"}]},{"@type":"WebSite","@id":"https:\/\/www.islabonitatours.com\/de\/#website","url":"https:\/\/www.islabonitatours.com\/de\/","name":"Isla Bonita Tours","description":"Excursiones en La Palma","publisher":{"@id":"https:\/\/www.islabonitatours.com\/de\/#organization"},"potentialAction":[{"@type":"SearchAction","target":{"@type":"EntryPoint","urlTemplate":"https:\/\/www.islabonitatours.com\/de\/?s={search_term_string}"},"query-input":{"@type":"PropertyValueSpecification","valueRequired":true,"valueName":"search_term_string"}}],"inLanguage":"de"},{"@type":"Organization","@id":"https:\/\/www.islabonitatours.com\/de\/#organization","name":"Isla Bonita Tours","url":"https:\/\/www.islabonitatours.com\/de\/","logo":{"@type":"ImageObject","inLanguage":"de","@id":"https:\/\/www.islabonitatours.com\/de\/#\/schema\/logo\/image\/","url":"https:\/\/www.islabonitatours.com\/wp-content\/uploads\/2019\/05\/logo_ibt@4x.png","contentUrl":"https:\/\/www.islabonitatours.com\/wp-content\/uploads\/2019\/05\/logo_ibt@4x.png","width":753,"height":473,"caption":"Isla Bonita Tours"},"image":{"@id":"https:\/\/www.islabonitatours.com\/de\/#\/schema\/logo\/image\/"}}]}},"_links":{"self":[{"href":"https:\/\/www.islabonitatours.com\/de\/wp-json\/wp\/v2\/product\/1609","targetHints":{"allow":["GET"]}}],"collection":[{"href":"https:\/\/www.islabonitatours.com\/de\/wp-json\/wp\/v2\/product"}],"about":[{"href":"https:\/\/www.islabonitatours.com\/de\/wp-json\/wp\/v2\/types\/product"}],"replies":[{"embeddable":true,"href":"https:\/\/www.islabonitatours.com\/de\/wp-json\/wp\/v2\/comments?post=1609"}],"version-history":[{"count":0,"href":"https:\/\/www.islabonitatours.com\/de\/wp-json\/wp\/v2\/product\/1609\/revisions"}],"wp:featuredmedia":[{"embeddable":true,"href":"https:\/\/www.islabonitatours.com\/de\/wp-json\/wp\/v2\/media\/3292"}],"wp:attachment":[{"href":"https:\/\/www.islabonitatours.com\/de\/wp-json\/wp\/v2\/media?parent=1609"}],"wp:term":[{"taxonomy":"product_brand","embeddable":true,"href":"https:\/\/www.islabonitatours.com\/de\/wp-json\/wp\/v2\/product_brand?post=1609"},{"taxonomy":"product_cat","embeddable":true,"href":"https:\/\/www.islabonitatours.com\/de\/wp-json\/wp\/v2\/product_cat?post=1609"},{"taxonomy":"product_tag","embeddable":true,"href":"https:\/\/www.islabonitatours.com\/de\/wp-json\/wp\/v2\/product_tag?post=1609"}],"curies":[{"name":"wp","href":"https:\/\/api.w.org\/{rel}","templated":true}]}}