{"id":175397,"date":"2022-09-20T17:26:20","date_gmt":"2022-09-20T16:26:20","guid":{"rendered":"https:\/\/www.islabonitatours.com\/ruta\/unkategorisiert\/stargazin-tour\/"},"modified":"2024-07-10T21:38:34","modified_gmt":"2024-07-10T20:38:34","slug":"stargazin-tour","status":"publish","type":"product","link":"https:\/\/www.islabonitatours.com\/de\/touren\/unkategorisiert\/stargazin-tour\/","title":{"rendered":"Sternengucker Tour La Palma &#8211; Dienstag"},"content":{"rendered":"\t\t<div data-elementor-type=\"product-post\" data-elementor-id=\"175397\" class=\"elementor elementor-175397 elementor-174633\" data-elementor-post-type=\"product\">\n\t\t\t\t\t\t<section class=\"has_ae_slider elementor-section elementor-top-section elementor-element elementor-element-9b6eaaa elementor-section-boxed elementor-section-height-default elementor-section-height-default ae-bg-gallery-type-default\" data-id=\"9b6eaaa\" data-element_type=\"section\" data-e-type=\"section\">\n\t\t\t\t\t\t<div class=\"elementor-container elementor-column-gap-default\">\n\t\t\t\t\t<div class=\"has_ae_slider elementor-column elementor-col-100 elementor-top-column elementor-element elementor-element-f7c07a5 ae-bg-gallery-type-default\" data-id=\"f7c07a5\" data-element_type=\"column\" data-e-type=\"column\">\n\t\t\t<div class=\"elementor-widget-wrap elementor-element-populated\">\n\t\t\t\t\t\t<div class=\"elementor-element elementor-element-5e9c326 elementor-widget elementor-widget-text-editor\" data-id=\"5e9c326\" data-element_type=\"widget\" data-e-type=\"widget\" data-widget_type=\"text-editor.default\">\n\t\t\t\t<div class=\"elementor-widget-container\">\n\t\t\t\t\t\t\t\t\t<h2>Die n\u00e4chtlichen astronomischen Beobachtungen, um die Sterne auf La Palma zu sehen, sind zweifellos eine der besten Aktivit\u00e4ten, die man auf La Palma mit der ganzen Familie unternehmen kann. Sie werden einen der besten Himmel der Welt in den H\u00e4nden unserer Starlight Guides und von einem der besten astronomischen Aussichtspunkte der Insel genie\u00dfen. Den Himmel \u00fcber La Palma werden Sie nie mehr vergessen.<\/h2><p>Diese astronomische Tour ist eine einfache und leicht verst\u00e4ndliche Aktivit\u00e4t f\u00fcr alle Liebhaber der Astronomie , da wir Amateure sind und das selbe Hobby teilen, die Sternenbeobachtung auf La Palma.<\/p><p><strong>Wenn Sie einen Mietwagen haben, haben Sie die M\u00f6glichkeit, diese Beobachtung auch <a href=\"https:\/\/www.islabonitatours.com\/en\/ruta\/hikes\/stargazing-tour-la-palma\/\">sonntags auf Englisch mitzumachen<\/a>.<\/strong><\/p><p>Unsere Beobachtung findet an sehr klaren Tagen auf der <strong><a href=\"https:\/\/www.google.com\/maps\/place\/Finca+La+Principal\/@28.6752168,-17.7903842,16.47z\/data=!4m13!1m7!3m6!1s0xc6bf20c6a87a13b:0x8e2037d22330882d!2sLa+Palma!3b1!8m2!3d28.7133828!4d-17.9057813!3m4!1s0xc6bec184f2fb399:0x5415966954657764!8m2!3d28.6753856!4d-17.7850802\">Finca La Principal<\/a><\/strong> 400m \u00fcber dem Meeresspiegel statt. G\u00e4rten voller kostbarer Strelizien, die eine sehr gro\u00dfe und perfekte Kulisse f\u00fcr unsere Beobachtungen geben. Sie liegt ganz in der N\u00e4he der Hotelbereiche, etwa 15 Minuten mit dem Auto und die Stra\u00dfe ist einfach und sehr leicht zu erreichen.<\/p><p>An Tagen mit Wolkenmeer fahren wir hinauf zum Mirador de La Venta, wo uns das Wolkenmeer zu F\u00fc\u00dfen liegt und ein sehr klarer Himmel perfekt ist f\u00fcr diese astronomischen Beobachtungen auf La Palma . Aus der Gegend von Los Cancajos oder Santa Cruz de La Palma muss man etwa 45 Minuten fahren oder auch mit Transfer buchbar.<\/p><p><strong>Unsere astronomischen Aussichtspunkte sind darauf ausgelegt, die Sterne zu sehen, wie die vielen Informationstafeln zeigen, und mit Hilfe unserer verschiedenen CELESTRON 800 XLT-Teleskope und unseres Teams von Starlight Guides werden wir den Himmel von La Palma und all seine Geheimnisse entdecken. Es wird eine Nacht voller Entdeckungen und \u00dcberraschungen unter freiem Himmel.<\/strong><\/p><p>Der Himmel auf La Palma ist klar und mit sehr geringer Lichtverschmutzung, daher haben wir die M\u00f6glichkeit, einen v\u00f6llig dunklen Himmel zu genie\u00dfen, der perfekt ist, um unter anderem die Sterne, sichtbare Planeten, Galaxien, Nebel und Sternhaufen zu sehen. Immer aus der Sicht eines Amateurs und auf sehr einfache und unterhaltsame Weise, damit alle unsere Astrotouristen unsere astronomische Tour an diesem Abend genie\u00dfen k\u00f6nnen.<\/p><p>Nachdem wir das Beste aus diesen 90 Minuten astronomischer Beobachtungen \u00a0gemacht haben, verbleibt noch Zeit um Zweifel auszur\u00e4umen oder einfach die Aussicht auf Santa Cruz oder das Aridane-Tal zu geniessen , je nachdem welchen Aussichtspunkt wir verwenden.<\/p><p>Nach Beendigung des Besuchs fahren Sie bitte vorsichtig wieder nach Hause oder geniessen Sie den R\u00fccktransfer in die jeweilige Hotelzone.<\/p>\t\t\t\t\t\t\t\t<\/div>\n\t\t\t\t<\/div>\n\t\t\t\t<div class=\"elementor-element elementor-element-e09cc09 ee-grid-masonry-layout--mixed ee-grid-columns-3 ee-grid-columns-tablet-2 ee-grid-columns-mobile-1 ee-gallery-overflow-tablet--yes ee-gallery-overflow-mobile--yes elementor-widget elementor-widget-gallery-extra\" data-id=\"e09cc09\" data-element_type=\"widget\" data-e-type=\"widget\" data-settings=\"{&quot;masonry_enable&quot;:&quot;yes&quot;,&quot;columns&quot;:&quot;3&quot;,&quot;columns_tablet&quot;:&quot;2&quot;,&quot;columns_mobile&quot;:&quot;1&quot;}\" data-widget_type=\"gallery-extra.default\">\n\t\t\t\t<div class=\"elementor-widget-container\">\n\t\t\t\t\t<div class=\"ee-gallery-wrapper\">\n\t\t\t<div class=\"ee-gallery ee-grid ee-grid--gallery ee-gallery__gallery\"><div class=\"ee-grid__item ee-grid__item--sizer\"><\/div><div class=\"ee-gallery__item ee-gallery__item--1 ee-grid__item\">\n\t\t\t\t<a class=\"ee-media ee-gallery__media\" data-elementor-open-lightbox=\"yes\" data-elementor-lightbox-slideshow=\"e09cc09_175397\" data-elementor-lightbox-title=\"astroturismo-mirador-astron\u00f3mico\" data-elementor-lightbox-description=\"la actividad de astroturismo desde un mirador astron\u00f3mico\n\" data-e-action-hash=\"#elementor-action%3Aaction%3Dlightbox%26settings%3DeyJpZCI6MTY3NTksInVybCI6Imh0dHBzOlwvXC93d3cuaXNsYWJvbml0YXRvdXJzLmNvbVwvd3AtY29udGVudFwvdXBsb2Fkc1wvMjAyMFwvMDRcL2FzdHJvdHVyaXNtby1taXJhZG9yLWFzdHJvblx1MDBmM21pY28uanBnIiwic2xpZGVzaG93IjoiZTA5Y2MwOV8xNzUzOTcifQ%3D%3D\" href=\"https:\/\/www.islabonitatours.com\/wp-content\/uploads\/2020\/04\/astroturismo-mirador-astron\u00f3mico.jpg\">\n\t\t\t\t\t<div class=\"ee-media__wrapper ee-gallery__media-wrapper\"><div class=\"ee-media__thumbnail ee-gallery__media__thumbnail\">\n\t\t\t<img decoding=\"async\" src=\"https:\/\/www.islabonitatours.com\/wp-content\/uploads\/2020\/04\/astroturismo-mirador-astron\u00f3mico.jpg\" alt=\"astroturismo desde mirador astron\u00f3mico\" title=\"astroturismo-mirador-astron\u00f3mico\" \/>\n\t\t<\/div><div class=\"ee-media__overlay ee-gallery__media__overlay\"><\/div><\/div>\n\t\t\t\t<\/a>\n\t\t\t<\/div><div class=\"ee-gallery__item ee-gallery__item--2 ee-grid__item\">\n\t\t\t\t<a class=\"ee-media ee-gallery__media\" data-elementor-open-lightbox=\"yes\" data-elementor-lightbox-slideshow=\"e09cc09_175397\" data-elementor-lightbox-title=\"ver-las-estrellas\" data-elementor-lightbox-description=\"ver las estrellas \n\" data-e-action-hash=\"#elementor-action%3Aaction%3Dlightbox%26settings%3DeyJpZCI6MTY3NjcsInVybCI6Imh0dHBzOlwvXC93d3cuaXNsYWJvbml0YXRvdXJzLmNvbVwvd3AtY29udGVudFwvdXBsb2Fkc1wvMjAyMFwvMDRcL3Zlci1sYXMtZXN0cmVsbGFzLmpwZyIsInNsaWRlc2hvdyI6ImUwOWNjMDlfMTc1Mzk3In0%3D\" href=\"https:\/\/www.islabonitatours.com\/wp-content\/uploads\/2020\/04\/ver-las-estrellas.jpg\">\n\t\t\t\t\t<div class=\"ee-media__wrapper ee-gallery__media-wrapper\"><div class=\"ee-media__thumbnail ee-gallery__media__thumbnail\">\n\t\t\t<img decoding=\"async\" src=\"https:\/\/www.islabonitatours.com\/wp-content\/uploads\/2020\/04\/ver-las-estrellas.jpg\" alt=\"ver las estrellas\" title=\"ver-las-estrellas\" \/>\n\t\t<\/div><div class=\"ee-media__overlay ee-gallery__media__overlay\"><\/div><\/div>\n\t\t\t\t<\/a>\n\t\t\t<\/div><div class=\"ee-gallery__item ee-gallery__item--3 ee-grid__item\">\n\t\t\t\t<a class=\"ee-media ee-gallery__media\" data-elementor-open-lightbox=\"yes\" data-elementor-lightbox-slideshow=\"e09cc09_175397\" data-elementor-lightbox-title=\"celestron-800-gps-xlt-computerized-telescope-isla-bonita-tours\" data-elementor-lightbox-description=\"nuestro telescopio celestron xlt en isla bonita tours \" data-e-action-hash=\"#elementor-action%3Aaction%3Dlightbox%26settings%3DeyJpZCI6MTg0ODUsInVybCI6Imh0dHBzOlwvXC93d3cuaXNsYWJvbml0YXRvdXJzLmNvbVwvd3AtY29udGVudFwvdXBsb2Fkc1wvMjAyMFwvMDRcL2NlbGVzdHJvbi04MDAtZ3BzLXhsdC1jb21wdXRlcml6ZWQtdGVsZXNjb3BlLWlzbGEtYm9uaXRhLXRvdXJzLmpwZyIsInNsaWRlc2hvdyI6ImUwOWNjMDlfMTc1Mzk3In0%3D\" href=\"https:\/\/www.islabonitatours.com\/wp-content\/uploads\/2020\/04\/celestron-800-gps-xlt-computerized-telescope-isla-bonita-tours.jpg\">\n\t\t\t\t\t<div class=\"ee-media__wrapper ee-gallery__media-wrapper\"><div class=\"ee-media__thumbnail ee-gallery__media__thumbnail\">\n\t\t\t<img decoding=\"async\" src=\"https:\/\/www.islabonitatours.com\/wp-content\/uploads\/2020\/04\/celestron-800-gps-xlt-computerized-telescope-isla-bonita-tours.jpg\" alt=\"celestrone 800 xlt computerized telescope isla bonita tours\" title=\"celestron-800-gps-xlt-computerized-telescope-isla-bonita-tours\" \/>\n\t\t<\/div><div class=\"ee-media__overlay ee-gallery__media__overlay\"><\/div><\/div>\n\t\t\t\t<\/a>\n\t\t\t<\/div><div class=\"ee-gallery__item ee-gallery__item--4 ee-grid__item\">\n\t\t\t\t<a class=\"ee-media ee-gallery__media\" data-elementor-open-lightbox=\"yes\" data-elementor-lightbox-slideshow=\"e09cc09_175397\" data-elementor-lightbox-title=\"observaci\u00f3n-astron\u00f3mica-la-palma\" data-elementor-lightbox-description=\"otra observaci\u00f3n astron\u00f3mica en la palma\n\" data-e-action-hash=\"#elementor-action%3Aaction%3Dlightbox%26settings%3DeyJpZCI6MTY3NzYsInVybCI6Imh0dHBzOlwvXC93d3cuaXNsYWJvbml0YXRvdXJzLmNvbVwvd3AtY29udGVudFwvdXBsb2Fkc1wvMjAyMFwvMDRcL29ic2VydmFjaVx1MDBmM24tYXN0cm9uXHUwMGYzbWljYS1sYS1wYWxtYS5qcGciLCJzbGlkZXNob3ciOiJlMDljYzA5XzE3NTM5NyJ9\" href=\"https:\/\/www.islabonitatours.com\/wp-content\/uploads\/2020\/04\/observaci\u00f3n-astron\u00f3mica-la-palma.jpg\">\n\t\t\t\t\t<div class=\"ee-media__wrapper ee-gallery__media-wrapper\"><div class=\"ee-media__thumbnail ee-gallery__media__thumbnail\">\n\t\t\t<img decoding=\"async\" src=\"https:\/\/www.islabonitatours.com\/wp-content\/uploads\/2020\/04\/observaci\u00f3n-astron\u00f3mica-la-palma.jpg\" alt=\"observaci\u00f3n astron\u00f3mica en la palma\" title=\"observaci\u00f3n-astron\u00f3mica-la-palma\" \/>\n\t\t<\/div><div class=\"ee-media__overlay ee-gallery__media__overlay\"><\/div><figcaption class=\"ee-media__content ee-gallery__media__content\">\n\t\t\t<div class=\"wp-caption-text ee-media__content__caption ee-gallery__media__caption ee-caption ee-caption--wordpress\">\n\t\t\t\tUsando el laser para ver las constelaciones \t\t\t<\/div>\n\t\t<\/figcaption><\/div>\n\t\t\t\t<\/a>\n\t\t\t<\/div><div class=\"ee-gallery__item ee-gallery__item--5 ee-grid__item\">\n\t\t\t\t<a class=\"ee-media ee-gallery__media\" data-elementor-open-lightbox=\"yes\" data-elementor-lightbox-slideshow=\"e09cc09_175397\" data-elementor-lightbox-title=\"mini-bus-isla-bonita-tours\" data-elementor-lightbox-description=\"nuestro mini bus esperando al grupo de isla bonita tours \" data-e-action-hash=\"#elementor-action%3Aaction%3Dlightbox%26settings%3DeyJpZCI6MTY3NjMsInVybCI6Imh0dHBzOlwvXC93d3cuaXNsYWJvbml0YXRvdXJzLmNvbVwvd3AtY29udGVudFwvdXBsb2Fkc1wvMjAyMFwvMDRcL21pbmktYnVzLWlzbGEtYm9uaXRhLXRvdXJzLmpwZyIsInNsaWRlc2hvdyI6ImUwOWNjMDlfMTc1Mzk3In0%3D\" href=\"https:\/\/www.islabonitatours.com\/wp-content\/uploads\/2020\/04\/mini-bus-isla-bonita-tours.jpg\">\n\t\t\t\t\t<div class=\"ee-media__wrapper ee-gallery__media-wrapper\"><div class=\"ee-media__thumbnail ee-gallery__media__thumbnail\">\n\t\t\t<img decoding=\"async\" src=\"https:\/\/www.islabonitatours.com\/wp-content\/uploads\/2020\/04\/mini-bus-isla-bonita-tours.jpg\" alt=\"mini bus grupo isla bonita tours\" title=\"mini-bus-isla-bonita-tours\" \/>\n\t\t<\/div><div class=\"ee-media__overlay ee-gallery__media__overlay\"><\/div><\/div>\n\t\t\t\t<\/a>\n\t\t\t<\/div><\/div>\n\t\t<\/div>\t\t\t\t<\/div>\n\t\t\t\t<\/div>\n\t\t\t\t\t<\/div>\n\t\t<\/div>\n\t\t\t\t\t<\/div>\n\t\t<\/section>\n\t\t\t\t<\/div>\n\t\t","protected":false},"excerpt":{"rendered":"<p>Sternenbeobachtung auf La Palma, man muss kein Experte sein um das Schauspiel des Sternenhimmels zu genie\u00dfen. Unserer ASTRONOMISCHEN TOUREN sind einfch toll !<\/p>\n<p>&nbsp;<\/p>\n","protected":false},"featured_media":27515,"comment_status":"open","ping_status":"closed","template":"","meta":{"_acf_changed":false,"_joinchat":[]},"product_brand":[],"product_cat":[],"product_tag":[],"class_list":{"0":"post-175397","1":"product","2":"type-product","3":"status-publish","4":"has-post-thumbnail","7":"first","8":"instock","9":"sold-individually","10":"shipping-taxable","11":"purchasable","12":"product-type-booking"},"booking_location":"","booking_location_type":"","booking_duration":1,"booking_duration_unit":"day","booking_buffer":0,"booking_cost":0,"booking_resources":[185261,185260],"exclude_global_add_ons":[],"addons":[],"acf":[],"yoast_head":"<!-- This site is optimized with the Yoast SEO Premium plugin v27.6 (Yoast SEO v27.6) - https:\/\/yoast.com\/product\/yoast-seo-premium-wordpress\/ -->\n<title>\u25b7 STERNENGUCKER TOUR La Palma 2022 | Sterne beobachten<\/title>\n<meta name=\"description\" content=\"&#x2b50; STERNENGUCKER TOUR &#x2b50; bietet eine tolle M\u00f6glichkeit den einmaligen Sternenhimmel La Palma zu beobachten &#x2705; Entdecke den Nachthimmel mit Isla Bonita Tours.\" \/>\n<meta name=\"robots\" content=\"index, follow, max-snippet:-1, max-image-preview:large, max-video-preview:-1\" \/>\n<link rel=\"canonical\" href=\"https:\/\/www.islabonitatours.com\/de\/touren\/unkategorisiert\/stargazin-tour\/\" \/>\n<meta property=\"og:locale\" content=\"de_DE\" \/>\n<meta property=\"og:type\" content=\"article\" \/>\n<meta property=\"og:title\" content=\"Sternengucker Tour La Palma - Dienstag\" \/>\n<meta property=\"og:description\" content=\"&#x2b50; STERNENGUCKER TOUR &#x2b50; bietet eine tolle M\u00f6glichkeit den einmaligen Sternenhimmel La Palma zu beobachten &#x2705; Entdecke den Nachthimmel mit Isla Bonita Tours.\" \/>\n<meta property=\"og:url\" content=\"https:\/\/www.islabonitatours.com\/de\/touren\/unkategorisiert\/stargazin-tour\/\" \/>\n<meta property=\"og:site_name\" content=\"Isla Bonita Tours\" \/>\n<meta property=\"article:modified_time\" content=\"2024-07-10T20:38:34+00:00\" \/>\n<meta property=\"og:image\" content=\"https:\/\/www.islabonitatours.com\/wp-content\/uploads\/2019\/11\/ver-las-estrellas-la-palma.png\" \/>\n\t<meta property=\"og:image:width\" content=\"1023\" \/>\n\t<meta property=\"og:image:height\" content=\"607\" \/>\n\t<meta property=\"og:image:type\" content=\"image\/png\" \/>\n<meta name=\"twitter:card\" content=\"summary_large_image\" \/>\n<meta name=\"twitter:label1\" content=\"Gesch\u00e4tzte Lesezeit\" \/>\n\t<meta name=\"twitter:data1\" content=\"3\u00a0Minuten\" \/>\n<script type=\"application\/ld+json\" class=\"yoast-schema-graph\">{\"@context\":\"https:\\\/\\\/schema.org\",\"@graph\":[{\"@type\":\"WebPage\",\"@id\":\"https:\\\/\\\/www.islabonitatours.com\\\/de\\\/touren\\\/unkategorisiert\\\/stargazin-tour\\\/\",\"url\":\"https:\\\/\\\/www.islabonitatours.com\\\/de\\\/touren\\\/unkategorisiert\\\/stargazin-tour\\\/\",\"name\":\"\u25b7 STERNENGUCKER TOUR La Palma 2022 | Sterne beobachten\",\"isPartOf\":{\"@id\":\"https:\\\/\\\/www.islabonitatours.com\\\/de\\\/#website\"},\"primaryImageOfPage\":{\"@id\":\"https:\\\/\\\/www.islabonitatours.com\\\/de\\\/touren\\\/unkategorisiert\\\/stargazin-tour\\\/#primaryimage\"},\"image\":{\"@id\":\"https:\\\/\\\/www.islabonitatours.com\\\/de\\\/touren\\\/unkategorisiert\\\/stargazin-tour\\\/#primaryimage\"},\"thumbnailUrl\":\"https:\\\/\\\/www.islabonitatours.com\\\/wp-content\\\/uploads\\\/2019\\\/11\\\/ver-las-estrellas-la-palma.png\",\"datePublished\":\"2022-09-20T16:26:20+00:00\",\"dateModified\":\"2024-07-10T20:38:34+00:00\",\"description\":\"&#x2b50; STERNENGUCKER TOUR &#x2b50; bietet eine tolle M\u00f6glichkeit den einmaligen Sternenhimmel La Palma zu beobachten &#x2705; Entdecke den Nachthimmel mit Isla Bonita Tours.\",\"breadcrumb\":{\"@id\":\"https:\\\/\\\/www.islabonitatours.com\\\/de\\\/touren\\\/unkategorisiert\\\/stargazin-tour\\\/#breadcrumb\"},\"inLanguage\":\"de\",\"potentialAction\":[{\"@type\":\"ReadAction\",\"target\":[\"https:\\\/\\\/www.islabonitatours.com\\\/de\\\/touren\\\/unkategorisiert\\\/stargazin-tour\\\/\"]}]},{\"@type\":\"ImageObject\",\"inLanguage\":\"de\",\"@id\":\"https:\\\/\\\/www.islabonitatours.com\\\/de\\\/touren\\\/unkategorisiert\\\/stargazin-tour\\\/#primaryimage\",\"url\":\"https:\\\/\\\/www.islabonitatours.com\\\/wp-content\\\/uploads\\\/2019\\\/11\\\/ver-las-estrellas-la-palma.png\",\"contentUrl\":\"https:\\\/\\\/www.islabonitatours.com\\\/wp-content\\\/uploads\\\/2019\\\/11\\\/ver-las-estrellas-la-palma.png\",\"width\":1023,\"height\":607},{\"@type\":\"BreadcrumbList\",\"@id\":\"https:\\\/\\\/www.islabonitatours.com\\\/de\\\/touren\\\/unkategorisiert\\\/stargazin-tour\\\/#breadcrumb\",\"itemListElement\":[{\"@type\":\"ListItem\",\"position\":1,\"name\":\"Portada\",\"item\":\"https:\\\/\\\/www.islabonitatours.com\\\/de\\\/\"},{\"@type\":\"ListItem\",\"position\":2,\"name\":\"Tienda\",\"item\":\"https:\\\/\\\/www.islabonitatours.com\\\/tienda\\\/\"},{\"@type\":\"ListItem\",\"position\":3,\"name\":\"Sternengucker Tour La Palma &#8211; Dienstag\"}]},{\"@type\":\"WebSite\",\"@id\":\"https:\\\/\\\/www.islabonitatours.com\\\/de\\\/#website\",\"url\":\"https:\\\/\\\/www.islabonitatours.com\\\/de\\\/\",\"name\":\"Isla Bonita Tours\",\"description\":\"Excursiones en La Palma\",\"publisher\":{\"@id\":\"https:\\\/\\\/www.islabonitatours.com\\\/de\\\/#organization\"},\"potentialAction\":[{\"@type\":\"SearchAction\",\"target\":{\"@type\":\"EntryPoint\",\"urlTemplate\":\"https:\\\/\\\/www.islabonitatours.com\\\/de\\\/?s={search_term_string}\"},\"query-input\":{\"@type\":\"PropertyValueSpecification\",\"valueRequired\":true,\"valueName\":\"search_term_string\"}}],\"inLanguage\":\"de\"},{\"@type\":\"Organization\",\"@id\":\"https:\\\/\\\/www.islabonitatours.com\\\/de\\\/#organization\",\"name\":\"Isla Bonita Tours\",\"url\":\"https:\\\/\\\/www.islabonitatours.com\\\/de\\\/\",\"logo\":{\"@type\":\"ImageObject\",\"inLanguage\":\"de\",\"@id\":\"https:\\\/\\\/www.islabonitatours.com\\\/de\\\/#\\\/schema\\\/logo\\\/image\\\/\",\"url\":\"https:\\\/\\\/www.islabonitatours.com\\\/wp-content\\\/uploads\\\/2019\\\/05\\\/logo_ibt@4x.png\",\"contentUrl\":\"https:\\\/\\\/www.islabonitatours.com\\\/wp-content\\\/uploads\\\/2019\\\/05\\\/logo_ibt@4x.png\",\"width\":753,\"height\":473,\"caption\":\"Isla Bonita Tours\"},\"image\":{\"@id\":\"https:\\\/\\\/www.islabonitatours.com\\\/de\\\/#\\\/schema\\\/logo\\\/image\\\/\"}}]}<\/script>\n<!-- \/ Yoast SEO Premium plugin. -->","yoast_head_json":{"title":"\u25b7 STERNENGUCKER TOUR La Palma 2022 | Sterne beobachten","description":"&#x2b50; STERNENGUCKER TOUR &#x2b50; bietet eine tolle M\u00f6glichkeit den einmaligen Sternenhimmel La Palma zu beobachten &#x2705; Entdecke den Nachthimmel mit Isla Bonita Tours.","robots":{"index":"index","follow":"follow","max-snippet":"max-snippet:-1","max-image-preview":"max-image-preview:large","max-video-preview":"max-video-preview:-1"},"canonical":"https:\/\/www.islabonitatours.com\/de\/touren\/unkategorisiert\/stargazin-tour\/","og_locale":"de_DE","og_type":"article","og_title":"Sternengucker Tour La Palma - Dienstag","og_description":"&#x2b50; STERNENGUCKER TOUR &#x2b50; bietet eine tolle M\u00f6glichkeit den einmaligen Sternenhimmel La Palma zu beobachten &#x2705; Entdecke den Nachthimmel mit Isla Bonita Tours.","og_url":"https:\/\/www.islabonitatours.com\/de\/touren\/unkategorisiert\/stargazin-tour\/","og_site_name":"Isla Bonita Tours","article_modified_time":"2024-07-10T20:38:34+00:00","og_image":[{"width":1023,"height":607,"url":"https:\/\/www.islabonitatours.com\/wp-content\/uploads\/2019\/11\/ver-las-estrellas-la-palma.png","type":"image\/png"}],"twitter_card":"summary_large_image","twitter_misc":{"Gesch\u00e4tzte Lesezeit":"3\u00a0Minuten"},"schema":{"@context":"https:\/\/schema.org","@graph":[{"@type":"WebPage","@id":"https:\/\/www.islabonitatours.com\/de\/touren\/unkategorisiert\/stargazin-tour\/","url":"https:\/\/www.islabonitatours.com\/de\/touren\/unkategorisiert\/stargazin-tour\/","name":"\u25b7 STERNENGUCKER TOUR La Palma 2022 | Sterne beobachten","isPartOf":{"@id":"https:\/\/www.islabonitatours.com\/de\/#website"},"primaryImageOfPage":{"@id":"https:\/\/www.islabonitatours.com\/de\/touren\/unkategorisiert\/stargazin-tour\/#primaryimage"},"image":{"@id":"https:\/\/www.islabonitatours.com\/de\/touren\/unkategorisiert\/stargazin-tour\/#primaryimage"},"thumbnailUrl":"https:\/\/www.islabonitatours.com\/wp-content\/uploads\/2019\/11\/ver-las-estrellas-la-palma.png","datePublished":"2022-09-20T16:26:20+00:00","dateModified":"2024-07-10T20:38:34+00:00","description":"&#x2b50; STERNENGUCKER TOUR &#x2b50; bietet eine tolle M\u00f6glichkeit den einmaligen Sternenhimmel La Palma zu beobachten &#x2705; Entdecke den Nachthimmel mit Isla Bonita Tours.","breadcrumb":{"@id":"https:\/\/www.islabonitatours.com\/de\/touren\/unkategorisiert\/stargazin-tour\/#breadcrumb"},"inLanguage":"de","potentialAction":[{"@type":"ReadAction","target":["https:\/\/www.islabonitatours.com\/de\/touren\/unkategorisiert\/stargazin-tour\/"]}]},{"@type":"ImageObject","inLanguage":"de","@id":"https:\/\/www.islabonitatours.com\/de\/touren\/unkategorisiert\/stargazin-tour\/#primaryimage","url":"https:\/\/www.islabonitatours.com\/wp-content\/uploads\/2019\/11\/ver-las-estrellas-la-palma.png","contentUrl":"https:\/\/www.islabonitatours.com\/wp-content\/uploads\/2019\/11\/ver-las-estrellas-la-palma.png","width":1023,"height":607},{"@type":"BreadcrumbList","@id":"https:\/\/www.islabonitatours.com\/de\/touren\/unkategorisiert\/stargazin-tour\/#breadcrumb","itemListElement":[{"@type":"ListItem","position":1,"name":"Portada","item":"https:\/\/www.islabonitatours.com\/de\/"},{"@type":"ListItem","position":2,"name":"Tienda","item":"https:\/\/www.islabonitatours.com\/tienda\/"},{"@type":"ListItem","position":3,"name":"Sternengucker Tour La Palma &#8211; Dienstag"}]},{"@type":"WebSite","@id":"https:\/\/www.islabonitatours.com\/de\/#website","url":"https:\/\/www.islabonitatours.com\/de\/","name":"Isla Bonita Tours","description":"Excursiones en La Palma","publisher":{"@id":"https:\/\/www.islabonitatours.com\/de\/#organization"},"potentialAction":[{"@type":"SearchAction","target":{"@type":"EntryPoint","urlTemplate":"https:\/\/www.islabonitatours.com\/de\/?s={search_term_string}"},"query-input":{"@type":"PropertyValueSpecification","valueRequired":true,"valueName":"search_term_string"}}],"inLanguage":"de"},{"@type":"Organization","@id":"https:\/\/www.islabonitatours.com\/de\/#organization","name":"Isla Bonita Tours","url":"https:\/\/www.islabonitatours.com\/de\/","logo":{"@type":"ImageObject","inLanguage":"de","@id":"https:\/\/www.islabonitatours.com\/de\/#\/schema\/logo\/image\/","url":"https:\/\/www.islabonitatours.com\/wp-content\/uploads\/2019\/05\/logo_ibt@4x.png","contentUrl":"https:\/\/www.islabonitatours.com\/wp-content\/uploads\/2019\/05\/logo_ibt@4x.png","width":753,"height":473,"caption":"Isla Bonita Tours"},"image":{"@id":"https:\/\/www.islabonitatours.com\/de\/#\/schema\/logo\/image\/"}}]}},"_links":{"self":[{"href":"https:\/\/www.islabonitatours.com\/de\/wp-json\/wp\/v2\/product\/175397","targetHints":{"allow":["GET"]}}],"collection":[{"href":"https:\/\/www.islabonitatours.com\/de\/wp-json\/wp\/v2\/product"}],"about":[{"href":"https:\/\/www.islabonitatours.com\/de\/wp-json\/wp\/v2\/types\/product"}],"replies":[{"embeddable":true,"href":"https:\/\/www.islabonitatours.com\/de\/wp-json\/wp\/v2\/comments?post=175397"}],"version-history":[{"count":0,"href":"https:\/\/www.islabonitatours.com\/de\/wp-json\/wp\/v2\/product\/175397\/revisions"}],"wp:featuredmedia":[{"embeddable":true,"href":"https:\/\/www.islabonitatours.com\/de\/wp-json\/wp\/v2\/media\/27515"}],"wp:attachment":[{"href":"https:\/\/www.islabonitatours.com\/de\/wp-json\/wp\/v2\/media?parent=175397"}],"wp:term":[{"taxonomy":"product_brand","embeddable":true,"href":"https:\/\/www.islabonitatours.com\/de\/wp-json\/wp\/v2\/product_brand?post=175397"},{"taxonomy":"product_cat","embeddable":true,"href":"https:\/\/www.islabonitatours.com\/de\/wp-json\/wp\/v2\/product_cat?post=175397"},{"taxonomy":"product_tag","embeddable":true,"href":"https:\/\/www.islabonitatours.com\/de\/wp-json\/wp\/v2\/product_tag?post=175397"}],"curies":[{"name":"wp","href":"https:\/\/api.w.org\/{rel}","templated":true}]}}