{"id":310798,"date":"2019-05-02T14:23:17","date_gmt":"2019-05-02T14:23:17","guid":{"rendered":"https:\/\/www.islabonitatours.com\/politica-de-devoluciones-y-reeembolso\/"},"modified":"2024-08-17T10:33:38","modified_gmt":"2024-08-17T09:33:38","slug":"politica-de-devoluciones-y-reeembolso","status":"publish","type":"page","link":"https:\/\/www.islabonitatours.com\/en\/politica-de-devoluciones-y-reeembolso\/","title":{"rendered":"Pol\u00edtica de devoluciones y reembolso"},"content":{"rendered":"\t\t<div data-elementor-type=\"wp-page\" data-elementor-id=\"310798\" class=\"elementor elementor-310798 elementor-350\" data-elementor-post-type=\"page\">\n\t\t\t\t\t\t<section class=\"has_ae_slider elementor-section elementor-top-section elementor-element elementor-element-2156f56 elementor-section-boxed elementor-section-height-default elementor-section-height-default ae-bg-gallery-type-default\" data-id=\"2156f56\" data-element_type=\"section\" data-e-type=\"section\">\n\t\t\t\t\t\t<div class=\"elementor-container elementor-column-gap-default\">\n\t\t\t\t\t<div class=\"has_ae_slider elementor-column elementor-col-100 elementor-top-column elementor-element elementor-element-deeb841 ae-bg-gallery-type-default\" data-id=\"deeb841\" data-element_type=\"column\" data-e-type=\"column\">\n\t\t\t<div class=\"elementor-widget-wrap elementor-element-populated\">\n\t\t\t\t\t\t<div class=\"elementor-element elementor-element-d95c80f elementor-widget elementor-widget-text-editor\" data-id=\"d95c80f\" data-element_type=\"widget\" data-e-type=\"widget\" data-widget_type=\"text-editor.default\">\n\t\t\t\t<div class=\"elementor-widget-container\">\n\t\t\t\t\t\t\t\t\t<header class=\"entry-header\" aria-label=\"Contenido\"><h1 class=\"entry-title\">\u00a0<\/h1><\/header><div class=\"entry-content\"><div class=\"elementor elementor-350\" data-elementor-type=\"wp-page\" data-elementor-id=\"350\" data-elementor-post-type=\"page\"><section class=\"has_ae_slider elementor-section elementor-top-section elementor-element elementor-element-2156f56 elementor-section-boxed elementor-section-height-default elementor-section-height-default ae-bg-gallery-type-default\" data-id=\"2156f56\" data-element_type=\"section\"><div class=\"elementor-container elementor-column-gap-default\"><div class=\"has_ae_slider elementor-column elementor-col-100 elementor-top-column elementor-element elementor-element-deeb841 ae-bg-gallery-type-default\" data-id=\"deeb841\" data-element_type=\"column\"><div class=\"elementor-widget-wrap elementor-element-populated\"><div class=\"elementor-element elementor-element-d95c80f elementor-widget elementor-widget-text-editor\" data-id=\"d95c80f\" data-element_type=\"widget\" data-widget_type=\"text-editor.default\"><div class=\"elementor-widget-container\"><p>El usuario tiene derecho a la devoluci\u00f3n del importe de la reserva en los siguientes t\u00e9rminos y condiciones:<\/p><p>Las<strong>\u00a0cancelaciones<\/strong>\u00a0deben informarse por escrito, enviando un email a\u00a0<b>info@islabonitatours.com<\/b>. No se aceptan cancelaciones informadas por ninguna otra v\u00eda. En dicho email deben constar todos los datos de la reserva, incluyendo:\u00a0<strong>nombre de la ruta, nombre y apellidos de la persona que ha realizado la reserva, fecha y n\u00famero de reserva.<\/strong><\/p><p><strong>1\/ Las reservas canceladas con m\u00e1s de 48h de antelaci\u00f3n al comienzo de la ruta recibir\u00e1n el 100%.\u00a0<\/strong><\/p><p><strong>2\/ Las reservas canceladas entre las 48h y las 24h antes del inicio de la actividad recibir\u00e1n el 50%.<\/strong><\/p><p><span style=\"text-decoration: underline;\"><b>3\/ Las reservas canceladas dentro de las \u00faltimas 24h no podr\u00e1n ser reembolsadas.\u00a0<\/b><\/span><\/p><p><strong>4\/ En caso de retraso en el punto de encuentro, nuestros gu\u00edas siempre esperar\u00e1n un tiempo prudencial, e intentaremos ponernos con contacto. Transcurrido este tiempo prudencial, lamentablemente tenemos que proseguir con la excursi\u00f3n y perder\u00edan la excursi\u00f3n* sin posibilidad de reembolso.\u00a0<\/strong><\/p><p>*Excepcionalmente la empresa podr\u00eda aceptar un cambio de fecha, en la ruta que no pudo realizar y\/o que perdi\u00f3 por su culpa, pero este cambio de fecha ya no tiene derecho a la devoluci\u00f3n del dinero en ninguno de las situaciones arriba indicadas.<\/p><p><strong>Pol\u00edtica de cancelaci\u00f3n:<\/strong>\u00a0<strong>ISLA BONITA TOURS<\/strong> se reserva el derecho de posponer o cancelar un evento\/ruta si no hay suficientes personas inscritas por causas meteorol\u00f3gicas o por cualquier otra causa ajena a ISLA BONITA TOURS. En estos casos, ser\u00e1n reintegrados totalmente los pagos recibidos por las reservas sin posibilidad expresa de ning\u00fan otro tipo de compensaci\u00f3n.<\/p><p>Las devoluciones pueden tardar hasta 7 d\u00edas para hacerse efectivas.\u00a0<\/p><\/div><\/div><\/div><\/div><\/div><\/section><\/div><\/div>\t\t\t\t\t\t\t\t<\/div>\n\t\t\t\t<\/div>\n\t\t\t\t\t<\/div>\n\t\t<\/div>\n\t\t\t\t\t<\/div>\n\t\t<\/section>\n\t\t\t\t<\/div>\n\t\t","protected":false},"excerpt":{"rendered":"<p>\u00a0 El usuario tiene derecho a la devoluci\u00f3n del importe de la reserva en los siguientes t\u00e9rminos y condiciones: Las\u00a0cancelaciones\u00a0deben informarse por escrito, enviando un email a\u00a0info@islabonitatours.com. No se aceptan cancelaciones informadas por ninguna otra v\u00eda. En dicho email deben constar todos los datos de la reserva, incluyendo:\u00a0nombre de la ruta, nombre y apellidos de &#8230; <a title=\"Pol\u00edtica de devoluciones y reembolso\" class=\"read-more\" href=\"https:\/\/www.islabonitatours.com\/en\/politica-de-devoluciones-y-reeembolso\/\" aria-label=\"Read more about Pol\u00edtica de devoluciones y reembolso\">Read more<\/a><\/p>\n","protected":false},"author":1,"featured_media":0,"parent":0,"menu_order":0,"comment_status":"closed","ping_status":"closed","template":"","meta":{"_acf_changed":false,"_exactmetrics_skip_tracking":false,"_exactmetrics_sitenote_active":false,"_exactmetrics_sitenote_note":"","_exactmetrics_sitenote_category":0,"_joinchat":[],"footnotes":""},"class_list":["post-310798","page","type-page","status-publish"],"acf":[],"yoast_head":"<!-- This site is optimized with the Yoast SEO Premium plugin v27.4 (Yoast SEO v27.4) - https:\/\/yoast.com\/product\/yoast-seo-premium-wordpress\/ -->\n<title>Pol\u00edtica de devoluciones y reembolso - Isla Bonita Tours<\/title>\n<meta name=\"robots\" content=\"index, follow, max-snippet:-1, max-image-preview:large, max-video-preview:-1\" \/>\n<link rel=\"canonical\" href=\"https:\/\/www.islabonitatours.com\/en\/politica-de-devoluciones-y-reeembolso\/\" \/>\n<meta property=\"og:locale\" content=\"en_US\" \/>\n<meta property=\"og:type\" content=\"article\" \/>\n<meta property=\"og:title\" content=\"Pol\u00edtica de devoluciones y reembolso\" \/>\n<meta property=\"og:description\" content=\"\u00a0 El usuario tiene derecho a la devoluci\u00f3n del importe de la reserva en los siguientes t\u00e9rminos y condiciones: Las\u00a0cancelaciones\u00a0deben informarse por escrito, enviando un email a\u00a0info@islabonitatours.com. No se aceptan cancelaciones informadas por ninguna otra v\u00eda. En dicho email deben constar todos los datos de la reserva, incluyendo:\u00a0nombre de la ruta, nombre y apellidos de ... Read more\" \/>\n<meta property=\"og:url\" content=\"https:\/\/www.islabonitatours.com\/en\/politica-de-devoluciones-y-reeembolso\/\" \/>\n<meta property=\"og:site_name\" content=\"Isla Bonita Tours\" \/>\n<meta property=\"article:modified_time\" content=\"2024-08-17T09:33:38+00:00\" \/>\n<meta name=\"twitter:card\" content=\"summary_large_image\" \/>\n<meta name=\"twitter:label1\" content=\"Est. reading time\" \/>\n\t<meta name=\"twitter:data1\" content=\"2 minutes\" \/>\n<script type=\"application\/ld+json\" class=\"yoast-schema-graph\">{\"@context\":\"https:\\\/\\\/schema.org\",\"@graph\":[{\"@type\":\"WebPage\",\"@id\":\"https:\\\/\\\/www.islabonitatours.com\\\/en\\\/politica-de-devoluciones-y-reeembolso\\\/\",\"url\":\"https:\\\/\\\/www.islabonitatours.com\\\/en\\\/politica-de-devoluciones-y-reeembolso\\\/\",\"name\":\"Pol\u00edtica de devoluciones y reembolso - Isla Bonita Tours\",\"isPartOf\":{\"@id\":\"https:\\\/\\\/www.islabonitatours.com\\\/en\\\/#website\"},\"datePublished\":\"2019-05-02T14:23:17+00:00\",\"dateModified\":\"2024-08-17T09:33:38+00:00\",\"breadcrumb\":{\"@id\":\"https:\\\/\\\/www.islabonitatours.com\\\/en\\\/politica-de-devoluciones-y-reeembolso\\\/#breadcrumb\"},\"inLanguage\":\"en-US\",\"potentialAction\":[{\"@type\":\"ReadAction\",\"target\":[\"https:\\\/\\\/www.islabonitatours.com\\\/en\\\/politica-de-devoluciones-y-reeembolso\\\/\"]}]},{\"@type\":\"BreadcrumbList\",\"@id\":\"https:\\\/\\\/www.islabonitatours.com\\\/en\\\/politica-de-devoluciones-y-reeembolso\\\/#breadcrumb\",\"itemListElement\":[{\"@type\":\"ListItem\",\"position\":1,\"name\":\"Portada\",\"item\":\"https:\\\/\\\/www.islabonitatours.com\\\/en\\\/\"},{\"@type\":\"ListItem\",\"position\":2,\"name\":\"Pol\u00edtica de devoluciones y reembolso\"}]},{\"@type\":\"WebSite\",\"@id\":\"https:\\\/\\\/www.islabonitatours.com\\\/en\\\/#website\",\"url\":\"https:\\\/\\\/www.islabonitatours.com\\\/en\\\/\",\"name\":\"Isla Bonita Tours\",\"description\":\"Senderismo en La Palma\",\"publisher\":{\"@id\":\"https:\\\/\\\/www.islabonitatours.com\\\/en\\\/#organization\"},\"potentialAction\":[{\"@type\":\"SearchAction\",\"target\":{\"@type\":\"EntryPoint\",\"urlTemplate\":\"https:\\\/\\\/www.islabonitatours.com\\\/en\\\/?s={search_term_string}\"},\"query-input\":{\"@type\":\"PropertyValueSpecification\",\"valueRequired\":true,\"valueName\":\"search_term_string\"}}],\"inLanguage\":\"en-US\"},{\"@type\":\"Organization\",\"@id\":\"https:\\\/\\\/www.islabonitatours.com\\\/en\\\/#organization\",\"name\":\"Isla Bonita Tours\",\"url\":\"https:\\\/\\\/www.islabonitatours.com\\\/en\\\/\",\"logo\":{\"@type\":\"ImageObject\",\"inLanguage\":\"en-US\",\"@id\":\"https:\\\/\\\/www.islabonitatours.com\\\/en\\\/#\\\/schema\\\/logo\\\/image\\\/\",\"url\":\"https:\\\/\\\/www.islabonitatours.com\\\/wp-content\\\/uploads\\\/2019\\\/05\\\/logo_ibt@4x.png\",\"contentUrl\":\"https:\\\/\\\/www.islabonitatours.com\\\/wp-content\\\/uploads\\\/2019\\\/05\\\/logo_ibt@4x.png\",\"width\":753,\"height\":473,\"caption\":\"Isla Bonita Tours\"},\"image\":{\"@id\":\"https:\\\/\\\/www.islabonitatours.com\\\/en\\\/#\\\/schema\\\/logo\\\/image\\\/\"}}]}<\/script>\n<!-- \/ Yoast SEO Premium plugin. -->","yoast_head_json":{"title":"Pol\u00edtica de devoluciones y reembolso - Isla Bonita Tours","robots":{"index":"index","follow":"follow","max-snippet":"max-snippet:-1","max-image-preview":"max-image-preview:large","max-video-preview":"max-video-preview:-1"},"canonical":"https:\/\/www.islabonitatours.com\/en\/politica-de-devoluciones-y-reeembolso\/","og_locale":"en_US","og_type":"article","og_title":"Pol\u00edtica de devoluciones y reembolso","og_description":"\u00a0 El usuario tiene derecho a la devoluci\u00f3n del importe de la reserva en los siguientes t\u00e9rminos y condiciones: Las\u00a0cancelaciones\u00a0deben informarse por escrito, enviando un email a\u00a0info@islabonitatours.com. No se aceptan cancelaciones informadas por ninguna otra v\u00eda. En dicho email deben constar todos los datos de la reserva, incluyendo:\u00a0nombre de la ruta, nombre y apellidos de ... Read more","og_url":"https:\/\/www.islabonitatours.com\/en\/politica-de-devoluciones-y-reeembolso\/","og_site_name":"Isla Bonita Tours","article_modified_time":"2024-08-17T09:33:38+00:00","twitter_card":"summary_large_image","twitter_misc":{"Est. reading time":"2 minutes"},"schema":{"@context":"https:\/\/schema.org","@graph":[{"@type":"WebPage","@id":"https:\/\/www.islabonitatours.com\/en\/politica-de-devoluciones-y-reeembolso\/","url":"https:\/\/www.islabonitatours.com\/en\/politica-de-devoluciones-y-reeembolso\/","name":"Pol\u00edtica de devoluciones y reembolso - Isla Bonita Tours","isPartOf":{"@id":"https:\/\/www.islabonitatours.com\/en\/#website"},"datePublished":"2019-05-02T14:23:17+00:00","dateModified":"2024-08-17T09:33:38+00:00","breadcrumb":{"@id":"https:\/\/www.islabonitatours.com\/en\/politica-de-devoluciones-y-reeembolso\/#breadcrumb"},"inLanguage":"en-US","potentialAction":[{"@type":"ReadAction","target":["https:\/\/www.islabonitatours.com\/en\/politica-de-devoluciones-y-reeembolso\/"]}]},{"@type":"BreadcrumbList","@id":"https:\/\/www.islabonitatours.com\/en\/politica-de-devoluciones-y-reeembolso\/#breadcrumb","itemListElement":[{"@type":"ListItem","position":1,"name":"Portada","item":"https:\/\/www.islabonitatours.com\/en\/"},{"@type":"ListItem","position":2,"name":"Pol\u00edtica de devoluciones y reembolso"}]},{"@type":"WebSite","@id":"https:\/\/www.islabonitatours.com\/en\/#website","url":"https:\/\/www.islabonitatours.com\/en\/","name":"Isla Bonita Tours","description":"Senderismo en La Palma","publisher":{"@id":"https:\/\/www.islabonitatours.com\/en\/#organization"},"potentialAction":[{"@type":"SearchAction","target":{"@type":"EntryPoint","urlTemplate":"https:\/\/www.islabonitatours.com\/en\/?s={search_term_string}"},"query-input":{"@type":"PropertyValueSpecification","valueRequired":true,"valueName":"search_term_string"}}],"inLanguage":"en-US"},{"@type":"Organization","@id":"https:\/\/www.islabonitatours.com\/en\/#organization","name":"Isla Bonita Tours","url":"https:\/\/www.islabonitatours.com\/en\/","logo":{"@type":"ImageObject","inLanguage":"en-US","@id":"https:\/\/www.islabonitatours.com\/en\/#\/schema\/logo\/image\/","url":"https:\/\/www.islabonitatours.com\/wp-content\/uploads\/2019\/05\/logo_ibt@4x.png","contentUrl":"https:\/\/www.islabonitatours.com\/wp-content\/uploads\/2019\/05\/logo_ibt@4x.png","width":753,"height":473,"caption":"Isla Bonita Tours"},"image":{"@id":"https:\/\/www.islabonitatours.com\/en\/#\/schema\/logo\/image\/"}}]}},"_links":{"self":[{"href":"https:\/\/www.islabonitatours.com\/en\/wp-json\/wp\/v2\/pages\/310798","targetHints":{"allow":["GET"]}}],"collection":[{"href":"https:\/\/www.islabonitatours.com\/en\/wp-json\/wp\/v2\/pages"}],"about":[{"href":"https:\/\/www.islabonitatours.com\/en\/wp-json\/wp\/v2\/types\/page"}],"author":[{"embeddable":true,"href":"https:\/\/www.islabonitatours.com\/en\/wp-json\/wp\/v2\/users\/1"}],"replies":[{"embeddable":true,"href":"https:\/\/www.islabonitatours.com\/en\/wp-json\/wp\/v2\/comments?post=310798"}],"version-history":[{"count":0,"href":"https:\/\/www.islabonitatours.com\/en\/wp-json\/wp\/v2\/pages\/310798\/revisions"}],"wp:attachment":[{"href":"https:\/\/www.islabonitatours.com\/en\/wp-json\/wp\/v2\/media?parent=310798"}],"curies":[{"name":"wp","href":"https:\/\/api.w.org\/{rel}","templated":true}]}}