{"id":326056,"date":"2025-02-05T12:25:54","date_gmt":"2025-02-05T11:25:54","guid":{"rendered":"https:\/\/www.islabonitatours.com\/?post_type=product&#038;p=326056"},"modified":"2025-09-27T20:54:55","modified_gmt":"2025-09-27T19:54:55","slug":"cumbre-vieja-tajogaite-guided-bus-tour","status":"publish","type":"product","link":"https:\/\/www.islabonitatours.com\/en\/ruta\/bus-tours-la-palma\/cumbre-vieja-tajogaite-guided-bus-tour\/","title":{"rendered":"Bus tour guided to Cumbre Vieja &#8211; Tajogaite lava flows"},"content":{"rendered":"\t\t<div data-elementor-type=\"product-post\" data-elementor-id=\"326056\" class=\"elementor elementor-326056 elementor-326054\" data-elementor-post-type=\"product\">\n\t\t\t\t\t\t<section class=\"has_ae_slider elementor-section elementor-top-section elementor-element elementor-element-5fe49f49 elementor-section-boxed elementor-section-height-default elementor-section-height-default ae-bg-gallery-type-default\" data-id=\"5fe49f49\" data-element_type=\"section\" data-e-type=\"section\">\n\t\t\t\t\t\t<div class=\"elementor-container elementor-column-gap-default\">\n\t\t\t\t\t<div class=\"has_ae_slider elementor-column elementor-col-100 elementor-top-column elementor-element elementor-element-55c2a817 ae-bg-gallery-type-default\" data-id=\"55c2a817\" data-element_type=\"column\" data-e-type=\"column\">\n\t\t\t<div class=\"elementor-widget-wrap elementor-element-populated\">\n\t\t\t\t\t\t<div class=\"elementor-element elementor-element-1ccea93f elementor-widget elementor-widget-text-editor\" data-id=\"1ccea93f\" data-element_type=\"widget\" data-e-type=\"widget\" data-widget_type=\"text-editor.default\">\n\t\t\t\t<div class=\"elementor-widget-container\">\n\t\t\t\t\t\t\t\t\t<h2 data-start=\"151\" data-end=\"253\"><strong data-start=\"151\" data-end=\"253\">Volcano Route in La Palma: Experience the Power of Tajogaite and the Rebirth of the Aridane Valley<\/strong><\/h2><p data-start=\"255\" data-end=\"603\">Step into the heart of the most dramatic natural phenomenon in the recent history of the Canary Islands with this guided bus tour to the Cumbre Vieja volcano \u2013 Tajogaite.<br data-start=\"425\" data-end=\"428\" \/>This essential route through the Aridane Valley takes you to where the earth burned, the landscape was forever transformed, and the spirit of La Palma rose stronger than ever.<\/p><p data-start=\"605\" data-end=\"975\">This exclusive tour follows the areas affected by the 2021 eruption, with carefully selected stops offering insight into the true scale of what occurred. From the Tacande road \u2014 the first to be swallowed by lava \u2014 to the viewpoint of Las Hoyas and the emblematic Tajuya lookout, each stop provides a striking perspective on a scene that is both tragic and awe-inspiring.<\/p><p data-start=\"977\" data-end=\"1286\">Cross the volcanic flows by bus from La Laguna, in an experience that must be lived to be fully understood. You\u2019ll witness up close the hardened lava, newly formed volcanic deltas along the coast, and the visible impact on places like Puerto Naos and La Bombilla \u2014 areas still marked by gases and uncertainty.<\/p><p data-start=\"1288\" data-end=\"1635\">The route ends in Tazacorte, where we pause to enjoy the surroundings and a well-earned coffee break, before returning to the Tajuya viewpoint for one final, breathtaking panorama.<br data-start=\"1468\" data-end=\"1471\" \/>This tour is more than just sightseeing \u2014 it\u2019s a tribute to the power of the Earth and the resilience of an island that continues to stand strong, against all odds.<\/p>\t\t\t\t\t\t\t\t<\/div>\n\t\t\t\t<\/div>\n\t\t\t\t<div class=\"elementor-element elementor-element-3ec6e0d elementor-widget elementor-widget-gallery\" data-id=\"3ec6e0d\" data-element_type=\"widget\" data-e-type=\"widget\" data-settings=\"{&quot;overlay_title&quot;:&quot;caption&quot;,&quot;lazyload&quot;:&quot;yes&quot;,&quot;gallery_layout&quot;:&quot;grid&quot;,&quot;columns&quot;:4,&quot;columns_tablet&quot;:2,&quot;columns_mobile&quot;:1,&quot;gap&quot;:{&quot;unit&quot;:&quot;px&quot;,&quot;size&quot;:10,&quot;sizes&quot;:[]},&quot;gap_tablet&quot;:{&quot;unit&quot;:&quot;px&quot;,&quot;size&quot;:10,&quot;sizes&quot;:[]},&quot;gap_mobile&quot;:{&quot;unit&quot;:&quot;px&quot;,&quot;size&quot;:10,&quot;sizes&quot;:[]},&quot;link_to&quot;:&quot;file&quot;,&quot;aspect_ratio&quot;:&quot;3:2&quot;,&quot;overlay_background&quot;:&quot;yes&quot;,&quot;content_hover_animation&quot;:&quot;fade-in&quot;}\" data-widget_type=\"gallery.default\">\n\t\t\t\t<div class=\"elementor-widget-container\">\n\t\t\t\t\t\t\t<div class=\"elementor-gallery__container\">\n\t\t\t\t\t\t\t<a class=\"e-gallery-item elementor-gallery-item elementor-animated-content\" href=\"https:\/\/www.islabonitatours.com\/wp-content\/uploads\/2023\/08\/tajuya_aussichtpunkt_cumbre_vieja_la_palma-scaled.jpg\" data-elementor-open-lightbox=\"yes\" data-elementor-lightbox-slideshow=\"3ec6e0d\" data-elementor-lightbox-title=\"tajuya_aussichtpunkt_cumbre_vieja_la_palma\" data-e-action-hash=\"#elementor-action%3Aaction%3Dlightbox%26settings%3DeyJpZCI6MzA1MDkzLCJ1cmwiOiJodHRwczpcL1wvd3d3LmlzbGFib25pdGF0b3Vycy5jb21cL3dwLWNvbnRlbnRcL3VwbG9hZHNcLzIwMjNcLzA4XC90YWp1eWFfYXVzc2ljaHRwdW5rdF9jdW1icmVfdmllamFfbGFfcGFsbWEtc2NhbGVkLmpwZyIsInNsaWRlc2hvdyI6IjNlYzZlMGQifQ%3D%3D\">\n\t\t\t\t\t<div class=\"e-gallery-image elementor-gallery-item__image\" data-thumbnail=\"https:\/\/www.islabonitatours.com\/wp-content\/uploads\/2023\/08\/tajuya_aussichtpunkt_cumbre_vieja_la_palma-300x225.jpg\" data-width=\"300\" data-height=\"225\" aria-label=\"mirador de tajuya \" role=\"img\" ><\/div>\n\t\t\t\t\t\t\t\t\t\t\t<div class=\"elementor-gallery-item__overlay\"><\/div>\n\t\t\t\t\t\t\t\t\t\t\t\t\t\t\t<div class=\"elementor-gallery-item__content\">\n\t\t\t\t\t\t\t\t\t\t\t\t\t\t<div class=\"elementor-gallery-item__title\">\n\t\t\t\t\t\t\t\t\t\t\t\t\t\t\t\t\t\tmirador de tajuya y volc\u00e1n de cumbre vieja \t\t\t\t\t\t\t\t<\/div>\n\t\t\t\t\t\t\t\t\t\t\t\t<\/div>\n\t\t\t\t\t\t\t\t\t<\/a>\n\t\t\t\t\t\t\t<a class=\"e-gallery-item elementor-gallery-item elementor-animated-content\" href=\"https:\/\/www.islabonitatours.com\/wp-content\/uploads\/2022\/03\/tajuya_view_point-scaled.jpg\" data-elementor-open-lightbox=\"yes\" data-elementor-lightbox-slideshow=\"3ec6e0d\" data-elementor-lightbox-title=\"tajuya_view_point\" data-e-action-hash=\"#elementor-action%3Aaction%3Dlightbox%26settings%3DeyJpZCI6MTEzNjk5LCJ1cmwiOiJodHRwczpcL1wvd3d3LmlzbGFib25pdGF0b3Vycy5jb21cL3dwLWNvbnRlbnRcL3VwbG9hZHNcLzIwMjJcLzAzXC90YWp1eWFfdmlld19wb2ludC1zY2FsZWQuanBnIiwic2xpZGVzaG93IjoiM2VjNmUwZCJ9\">\n\t\t\t\t\t<div class=\"e-gallery-image elementor-gallery-item__image\" data-thumbnail=\"https:\/\/www.islabonitatours.com\/wp-content\/uploads\/2022\/03\/tajuya_view_point-300x214.jpg\" data-width=\"300\" data-height=\"214\" aria-label=\"tajuya view point \" role=\"img\" ><\/div>\n\t\t\t\t\t\t\t\t\t\t\t<div class=\"elementor-gallery-item__overlay\"><\/div>\n\t\t\t\t\t\t\t\t\t\t\t\t\t\t\t<div class=\"elementor-gallery-item__content\">\n\t\t\t\t\t\t\t\t\t\t\t\t\t\t<div class=\"elementor-gallery-item__title\">\n\t\t\t\t\t\t\t\t\t\t\t\t\t\t\t\t\t\tas\u00ed luce hoy el volc\u00e1n Cumbre Vieja \t\t\t\t\t\t\t\t<\/div>\n\t\t\t\t\t\t\t\t\t\t\t\t<\/div>\n\t\t\t\t\t\t\t\t\t<\/a>\n\t\t\t\t\t<\/div>\n\t\t\t\t\t<\/div>\n\t\t\t\t<\/div>\n\t\t\t\t\t<\/div>\n\t\t<\/div>\n\t\t\t\t\t<\/div>\n\t\t<\/section>\n\t\t\t\t<\/div>\n\t\t","protected":false},"excerpt":{"rendered":"<p><strong data-start=\"124\" data-end=\"252\">Feel the unstoppable force of the Tajogaite volcano and immerse yourself in the living history of La Palma\u2019s Aridane Valley.<\/strong><br data-start=\"252\" data-end=\"255\" \/><strong>Explore landscapes freshly shaped by lava and witness nature at its most powerful and awe-inspiring.<\/strong><br data-start=\"355\" data-end=\"358\" \/><strong>Every viewpoint, every lava flow, tells the story of an island reborn \u2013 one that continues to pulse with life and energy.<\/strong><br data-start=\"479\" data-end=\"482\" \/><strong>Come and discover the deep soul of La Palma, where fire and life intertwine in a truly unique and unforgettable experience.<\/strong><\/p>\n<p>&nbsp;<\/p>\n<p>&nbsp;<\/p>\n","protected":false},"featured_media":180741,"comment_status":"open","ping_status":"closed","template":"","meta":{"_acf_changed":false,"_exactmetrics_skip_tracking":false,"_exactmetrics_sitenote_active":false,"_exactmetrics_sitenote_note":"","_exactmetrics_sitenote_category":0,"_joinchat":[]},"product_brand":[],"product_cat":[56],"product_tag":[],"class_list":{"0":"post-326056","1":"product","2":"type-product","3":"status-publish","4":"has-post-thumbnail","6":"product_cat-bus-tours-la-palma","8":"first","9":"instock","10":"sold-individually","11":"shipping-taxable","12":"purchasable","13":"product-type-booking"},"booking_location":"","booking_location_type":"","booking_duration":1,"booking_duration_unit":"day","booking_buffer":0,"booking_cost":0,"booking_resources":[202060,331411,331412],"exclude_global_add_ons":false,"addons":[{"name":"Ni\u00f1os","type":"input_multiplier","position":0,"required":false,"title_format":"label","default":"","description_enable":true,"description":"De 5 a 11 a\u00f1os","placeholder_enable":false,"placeholder":"","display":"select","restrictions_type":"any_text","adjust_price":true,"price":"20","price_type":"quantity_based","restrictions":false,"min":"0","max":"0","options":[],"id":1716745223}],"acf":[],"yoast_head":"<!-- This site is optimized with the Yoast SEO Premium plugin v27.5 (Yoast SEO v27.5) - https:\/\/yoast.com\/product\/yoast-seo-premium-wordpress\/ -->\n<title>\u25b7 Volcano bus Tour in La Palma &#x2b50; Tajogaite and the Rebirth of the Aridane Valley<\/title>\n<meta name=\"description\" content=\"\u25b7 Explore the Tajogaite volcano &#x2b50;&#x2b50;&#x2b50; guided bus tour through La Palma\u2019s dramatic post-eruption landscapes. A journey through nature, resilience and renewal.\" \/>\n<meta name=\"robots\" content=\"index, follow, max-snippet:-1, max-image-preview:large, max-video-preview:-1\" \/>\n<link rel=\"canonical\" href=\"https:\/\/www.islabonitatours.com\/en\/ruta\/bus-tours-la-palma\/cumbre-vieja-tajogaite-guided-bus-tour\/\" \/>\n<meta property=\"og:locale\" content=\"en_US\" \/>\n<meta property=\"og:type\" content=\"article\" \/>\n<meta property=\"og:title\" content=\"Bus tour guided to Cumbre Vieja - Tajogaite lava flows\" \/>\n<meta property=\"og:description\" content=\"\u25b7 Explore the Tajogaite volcano &#x2b50;&#x2b50;&#x2b50; guided bus tour through La Palma\u2019s dramatic post-eruption landscapes. A journey through nature, resilience and renewal.\" \/>\n<meta property=\"og:url\" content=\"https:\/\/www.islabonitatours.com\/en\/ruta\/bus-tours-la-palma\/cumbre-vieja-tajogaite-guided-bus-tour\/\" \/>\n<meta property=\"og:site_name\" content=\"Isla Bonita Tours\" \/>\n<meta property=\"article:modified_time\" content=\"2025-09-27T19:54:55+00:00\" \/>\n<meta property=\"og:image\" content=\"https:\/\/www.islabonitatours.com\/wp-content\/uploads\/2022\/07\/turistas_volcan_cumbre_vieja_un_ano_despues.jpeg\" \/>\n\t<meta property=\"og:image:width\" content=\"1600\" \/>\n\t<meta property=\"og:image:height\" content=\"900\" \/>\n\t<meta property=\"og:image:type\" content=\"image\/jpeg\" \/>\n<meta name=\"twitter:card\" content=\"summary_large_image\" \/>\n<meta name=\"twitter:label1\" content=\"Est. reading time\" \/>\n\t<meta name=\"twitter:data1\" content=\"2 minutes\" \/>\n<script type=\"application\/ld+json\" class=\"yoast-schema-graph\">{\"@context\":\"https:\\\/\\\/schema.org\",\"@graph\":[{\"@type\":\"WebPage\",\"@id\":\"https:\\\/\\\/www.islabonitatours.com\\\/en\\\/ruta\\\/bus-tours-la-palma\\\/cumbre-vieja-tajogaite-guided-bus-tour\\\/\",\"url\":\"https:\\\/\\\/www.islabonitatours.com\\\/en\\\/ruta\\\/bus-tours-la-palma\\\/cumbre-vieja-tajogaite-guided-bus-tour\\\/\",\"name\":\"\u25b7 Volcano bus Tour in La Palma &#x2b50; Tajogaite and the Rebirth of the Aridane Valley\",\"isPartOf\":{\"@id\":\"https:\\\/\\\/www.islabonitatours.com\\\/en\\\/#website\"},\"primaryImageOfPage\":{\"@id\":\"https:\\\/\\\/www.islabonitatours.com\\\/en\\\/ruta\\\/bus-tours-la-palma\\\/cumbre-vieja-tajogaite-guided-bus-tour\\\/#primaryimage\"},\"image\":{\"@id\":\"https:\\\/\\\/www.islabonitatours.com\\\/en\\\/ruta\\\/bus-tours-la-palma\\\/cumbre-vieja-tajogaite-guided-bus-tour\\\/#primaryimage\"},\"thumbnailUrl\":\"https:\\\/\\\/www.islabonitatours.com\\\/wp-content\\\/uploads\\\/2022\\\/07\\\/turistas_volcan_cumbre_vieja_un_ano_despues.jpeg\",\"datePublished\":\"2025-02-05T11:25:54+00:00\",\"dateModified\":\"2025-09-27T19:54:55+00:00\",\"description\":\"\u25b7 Explore the Tajogaite volcano &#x2b50;&#x2b50;&#x2b50; guided bus tour through La Palma\u2019s dramatic post-eruption landscapes. A journey through nature, resilience and renewal.\",\"breadcrumb\":{\"@id\":\"https:\\\/\\\/www.islabonitatours.com\\\/en\\\/ruta\\\/bus-tours-la-palma\\\/cumbre-vieja-tajogaite-guided-bus-tour\\\/#breadcrumb\"},\"inLanguage\":\"en-US\",\"potentialAction\":[{\"@type\":\"ReadAction\",\"target\":[\"https:\\\/\\\/www.islabonitatours.com\\\/en\\\/ruta\\\/bus-tours-la-palma\\\/cumbre-vieja-tajogaite-guided-bus-tour\\\/\"]}]},{\"@type\":\"ImageObject\",\"inLanguage\":\"en-US\",\"@id\":\"https:\\\/\\\/www.islabonitatours.com\\\/en\\\/ruta\\\/bus-tours-la-palma\\\/cumbre-vieja-tajogaite-guided-bus-tour\\\/#primaryimage\",\"url\":\"https:\\\/\\\/www.islabonitatours.com\\\/wp-content\\\/uploads\\\/2022\\\/07\\\/turistas_volcan_cumbre_vieja_un_ano_despues.jpeg\",\"contentUrl\":\"https:\\\/\\\/www.islabonitatours.com\\\/wp-content\\\/uploads\\\/2022\\\/07\\\/turistas_volcan_cumbre_vieja_un_ano_despues.jpeg\",\"width\":1600,\"height\":900,\"caption\":\"Una a\u00f1o despu\u00e9s, esto es lo que nos ha tra\u00eddo Cumbre Vieja\"},{\"@type\":\"BreadcrumbList\",\"@id\":\"https:\\\/\\\/www.islabonitatours.com\\\/en\\\/ruta\\\/bus-tours-la-palma\\\/cumbre-vieja-tajogaite-guided-bus-tour\\\/#breadcrumb\",\"itemListElement\":[{\"@type\":\"ListItem\",\"position\":1,\"name\":\"Portada\",\"item\":\"https:\\\/\\\/www.islabonitatours.com\\\/en\\\/\"},{\"@type\":\"ListItem\",\"position\":2,\"name\":\"Tienda\",\"item\":\"https:\\\/\\\/www.islabonitatours.com\\\/tienda\\\/\"},{\"@type\":\"ListItem\",\"position\":3,\"name\":\"Bus tour guided to Cumbre Vieja &#8211; Tajogaite lava flows\"}]},{\"@type\":\"WebSite\",\"@id\":\"https:\\\/\\\/www.islabonitatours.com\\\/en\\\/#website\",\"url\":\"https:\\\/\\\/www.islabonitatours.com\\\/en\\\/\",\"name\":\"Isla Bonita Tours\",\"description\":\"Senderismo en La Palma\",\"publisher\":{\"@id\":\"https:\\\/\\\/www.islabonitatours.com\\\/en\\\/#organization\"},\"potentialAction\":[{\"@type\":\"SearchAction\",\"target\":{\"@type\":\"EntryPoint\",\"urlTemplate\":\"https:\\\/\\\/www.islabonitatours.com\\\/en\\\/?s={search_term_string}\"},\"query-input\":{\"@type\":\"PropertyValueSpecification\",\"valueRequired\":true,\"valueName\":\"search_term_string\"}}],\"inLanguage\":\"en-US\"},{\"@type\":\"Organization\",\"@id\":\"https:\\\/\\\/www.islabonitatours.com\\\/en\\\/#organization\",\"name\":\"Isla Bonita Tours\",\"url\":\"https:\\\/\\\/www.islabonitatours.com\\\/en\\\/\",\"logo\":{\"@type\":\"ImageObject\",\"inLanguage\":\"en-US\",\"@id\":\"https:\\\/\\\/www.islabonitatours.com\\\/en\\\/#\\\/schema\\\/logo\\\/image\\\/\",\"url\":\"https:\\\/\\\/www.islabonitatours.com\\\/wp-content\\\/uploads\\\/2019\\\/05\\\/logo_ibt@4x.png\",\"contentUrl\":\"https:\\\/\\\/www.islabonitatours.com\\\/wp-content\\\/uploads\\\/2019\\\/05\\\/logo_ibt@4x.png\",\"width\":753,\"height\":473,\"caption\":\"Isla Bonita Tours\"},\"image\":{\"@id\":\"https:\\\/\\\/www.islabonitatours.com\\\/en\\\/#\\\/schema\\\/logo\\\/image\\\/\"}}]}<\/script>\n<!-- \/ Yoast SEO Premium plugin. -->","yoast_head_json":{"title":"\u25b7 Volcano bus Tour in La Palma &#x2b50; Tajogaite and the Rebirth of the Aridane Valley","description":"\u25b7 Explore the Tajogaite volcano &#x2b50;&#x2b50;&#x2b50; guided bus tour through La Palma\u2019s dramatic post-eruption landscapes. A journey through nature, resilience and renewal.","robots":{"index":"index","follow":"follow","max-snippet":"max-snippet:-1","max-image-preview":"max-image-preview:large","max-video-preview":"max-video-preview:-1"},"canonical":"https:\/\/www.islabonitatours.com\/en\/ruta\/bus-tours-la-palma\/cumbre-vieja-tajogaite-guided-bus-tour\/","og_locale":"en_US","og_type":"article","og_title":"Bus tour guided to Cumbre Vieja - Tajogaite lava flows","og_description":"\u25b7 Explore the Tajogaite volcano &#x2b50;&#x2b50;&#x2b50; guided bus tour through La Palma\u2019s dramatic post-eruption landscapes. A journey through nature, resilience and renewal.","og_url":"https:\/\/www.islabonitatours.com\/en\/ruta\/bus-tours-la-palma\/cumbre-vieja-tajogaite-guided-bus-tour\/","og_site_name":"Isla Bonita Tours","article_modified_time":"2025-09-27T19:54:55+00:00","og_image":[{"width":1600,"height":900,"url":"https:\/\/www.islabonitatours.com\/wp-content\/uploads\/2022\/07\/turistas_volcan_cumbre_vieja_un_ano_despues.jpeg","type":"image\/jpeg"}],"twitter_card":"summary_large_image","twitter_misc":{"Est. reading time":"2 minutes"},"schema":{"@context":"https:\/\/schema.org","@graph":[{"@type":"WebPage","@id":"https:\/\/www.islabonitatours.com\/en\/ruta\/bus-tours-la-palma\/cumbre-vieja-tajogaite-guided-bus-tour\/","url":"https:\/\/www.islabonitatours.com\/en\/ruta\/bus-tours-la-palma\/cumbre-vieja-tajogaite-guided-bus-tour\/","name":"\u25b7 Volcano bus Tour in La Palma &#x2b50; Tajogaite and the Rebirth of the Aridane Valley","isPartOf":{"@id":"https:\/\/www.islabonitatours.com\/en\/#website"},"primaryImageOfPage":{"@id":"https:\/\/www.islabonitatours.com\/en\/ruta\/bus-tours-la-palma\/cumbre-vieja-tajogaite-guided-bus-tour\/#primaryimage"},"image":{"@id":"https:\/\/www.islabonitatours.com\/en\/ruta\/bus-tours-la-palma\/cumbre-vieja-tajogaite-guided-bus-tour\/#primaryimage"},"thumbnailUrl":"https:\/\/www.islabonitatours.com\/wp-content\/uploads\/2022\/07\/turistas_volcan_cumbre_vieja_un_ano_despues.jpeg","datePublished":"2025-02-05T11:25:54+00:00","dateModified":"2025-09-27T19:54:55+00:00","description":"\u25b7 Explore the Tajogaite volcano &#x2b50;&#x2b50;&#x2b50; guided bus tour through La Palma\u2019s dramatic post-eruption landscapes. A journey through nature, resilience and renewal.","breadcrumb":{"@id":"https:\/\/www.islabonitatours.com\/en\/ruta\/bus-tours-la-palma\/cumbre-vieja-tajogaite-guided-bus-tour\/#breadcrumb"},"inLanguage":"en-US","potentialAction":[{"@type":"ReadAction","target":["https:\/\/www.islabonitatours.com\/en\/ruta\/bus-tours-la-palma\/cumbre-vieja-tajogaite-guided-bus-tour\/"]}]},{"@type":"ImageObject","inLanguage":"en-US","@id":"https:\/\/www.islabonitatours.com\/en\/ruta\/bus-tours-la-palma\/cumbre-vieja-tajogaite-guided-bus-tour\/#primaryimage","url":"https:\/\/www.islabonitatours.com\/wp-content\/uploads\/2022\/07\/turistas_volcan_cumbre_vieja_un_ano_despues.jpeg","contentUrl":"https:\/\/www.islabonitatours.com\/wp-content\/uploads\/2022\/07\/turistas_volcan_cumbre_vieja_un_ano_despues.jpeg","width":1600,"height":900,"caption":"Una a\u00f1o despu\u00e9s, esto es lo que nos ha tra\u00eddo Cumbre Vieja"},{"@type":"BreadcrumbList","@id":"https:\/\/www.islabonitatours.com\/en\/ruta\/bus-tours-la-palma\/cumbre-vieja-tajogaite-guided-bus-tour\/#breadcrumb","itemListElement":[{"@type":"ListItem","position":1,"name":"Portada","item":"https:\/\/www.islabonitatours.com\/en\/"},{"@type":"ListItem","position":2,"name":"Tienda","item":"https:\/\/www.islabonitatours.com\/tienda\/"},{"@type":"ListItem","position":3,"name":"Bus tour guided to Cumbre Vieja &#8211; Tajogaite lava flows"}]},{"@type":"WebSite","@id":"https:\/\/www.islabonitatours.com\/en\/#website","url":"https:\/\/www.islabonitatours.com\/en\/","name":"Isla Bonita Tours","description":"Senderismo en La Palma","publisher":{"@id":"https:\/\/www.islabonitatours.com\/en\/#organization"},"potentialAction":[{"@type":"SearchAction","target":{"@type":"EntryPoint","urlTemplate":"https:\/\/www.islabonitatours.com\/en\/?s={search_term_string}"},"query-input":{"@type":"PropertyValueSpecification","valueRequired":true,"valueName":"search_term_string"}}],"inLanguage":"en-US"},{"@type":"Organization","@id":"https:\/\/www.islabonitatours.com\/en\/#organization","name":"Isla Bonita Tours","url":"https:\/\/www.islabonitatours.com\/en\/","logo":{"@type":"ImageObject","inLanguage":"en-US","@id":"https:\/\/www.islabonitatours.com\/en\/#\/schema\/logo\/image\/","url":"https:\/\/www.islabonitatours.com\/wp-content\/uploads\/2019\/05\/logo_ibt@4x.png","contentUrl":"https:\/\/www.islabonitatours.com\/wp-content\/uploads\/2019\/05\/logo_ibt@4x.png","width":753,"height":473,"caption":"Isla Bonita Tours"},"image":{"@id":"https:\/\/www.islabonitatours.com\/en\/#\/schema\/logo\/image\/"}}]}},"_links":{"self":[{"href":"https:\/\/www.islabonitatours.com\/en\/wp-json\/wp\/v2\/product\/326056","targetHints":{"allow":["GET"]}}],"collection":[{"href":"https:\/\/www.islabonitatours.com\/en\/wp-json\/wp\/v2\/product"}],"about":[{"href":"https:\/\/www.islabonitatours.com\/en\/wp-json\/wp\/v2\/types\/product"}],"replies":[{"embeddable":true,"href":"https:\/\/www.islabonitatours.com\/en\/wp-json\/wp\/v2\/comments?post=326056"}],"version-history":[{"count":0,"href":"https:\/\/www.islabonitatours.com\/en\/wp-json\/wp\/v2\/product\/326056\/revisions"}],"wp:featuredmedia":[{"embeddable":true,"href":"https:\/\/www.islabonitatours.com\/en\/wp-json\/wp\/v2\/media\/180741"}],"wp:attachment":[{"href":"https:\/\/www.islabonitatours.com\/en\/wp-json\/wp\/v2\/media?parent=326056"}],"wp:term":[{"taxonomy":"product_brand","embeddable":true,"href":"https:\/\/www.islabonitatours.com\/en\/wp-json\/wp\/v2\/product_brand?post=326056"},{"taxonomy":"product_cat","embeddable":true,"href":"https:\/\/www.islabonitatours.com\/en\/wp-json\/wp\/v2\/product_cat?post=326056"},{"taxonomy":"product_tag","embeddable":true,"href":"https:\/\/www.islabonitatours.com\/en\/wp-json\/wp\/v2\/product_tag?post=326056"}],"curies":[{"name":"wp","href":"https:\/\/api.w.org\/{rel}","templated":true}]}}